{"id":284,"date":"2021-11-22T17:03:09","date_gmt":"2021-11-22T16:03:09","guid":{"rendered":"http:\/\/cwb.pl\/en\/?page_id=284"},"modified":"2022-09-19T14:50:54","modified_gmt":"2022-09-19T12:50:54","slug":"storage-stock","status":"publish","type":"page","link":"https:\/\/cwb.pl\/en\/home\/about-us\/storage-stock","title":{"rendered":"Storage stock"},"content":{"rendered":"\n<div class=\"site\"><table style=\"width: 100%;\" border=\"0\">  <tbody>  <tr>  <td valign=\"top\" align=\"left\">  <p>&nbsp;<\/p>  <p>ul. Paruszewska 3<\/p>  <p>62-420 Strza\u0142kowo<\/p>  <p><a href=\"http:\/\/cwb.pl\/wp-content\/uploads\/2021\/11\/logo3a.jpg\" rel=\"lightbox\"><img decoding=\"async\" loading=\"lazy\" src=\"https:\/\/www.cwb.pl\/wp-content\/uploads\/2022\/09\/deseco-logo2.png\" alt=\"\" width=\"200\" height=\"72\"><\/a><\/p>  <\/td>  <td valign=\"top\" align=\"left\">  <p><iframe loading=\"lazy\" src=\"https:\/\/www.google.com\/maps\/embed?pb=!1m14!1m8!1m3!1d2439.3518895009915!2d17.8078499!3d52.309616899999995!3m2!1i1024!2i768!4f13.1!3m3!1m2!1s0x4704c697454892e3%3A0x974c1ff2bf9e208f!2sParuszewska+3!5e0!3m2!1spl!2spl!4v1397130421549\" style=\"border: 0px; float: right;\" width=\"100%\" height=\"200\" frameborder=\"0\"><\/iframe><\/p>  <\/td>  <\/tr>  \n\n\n<tr>  <td style=\"border-bottom-width: 1px; border-bottom-style: dotted;\" valign=\"top\" align=\"left\">&nbsp;<\/td>  <td style=\"border-bottom-width: 1px; border-bottom-style: dotted;\" valign=\"top\" align=\"left\">&nbsp;<\/td>  <\/tr>  <tr>  <td valign=\"top\" align=\"left\">&nbsp;<\/td>  <td valign=\"top\" align=\"left\">&nbsp;<\/td>  <\/tr>  <tr>  <td valign=\"top\" align=\"left\">  <p>&nbsp;<\/p>  <p>ul. Elbl\u0105ska 130<\/p>  <p>80-718 Gda\u0144sk<\/p>  <\/td> \n <td valign=\"top\" align=\"left\"><iframe loading=\"lazy\" src=\"https:\/\/www.google.com\/maps\/embed?pb=!1m18!1m12!1m3!1d7823.841970479747!2d18.718504506426488!3d54.33856171791906!2m3!1f0!2f0!3f0!3m2!1i1024!2i768!4f13.1!3m3!1m2!1s0x46fd7261c09ea429%3A0xb88b5618b1fc79ad!2sElbl%C4%85ska%20130%2C%2080-718%20Gda%C5%84sk!5e0!3m2!1spl!2spl!4v1641922920370!5m2!1spl!2spl\" style=\"border: 0px; float: right;\" width=\"100%\" height=\"200\" frameborder=\"0\"><\/iframe><\/p>  <\/td>  \n <\/tr>\n\n\n<tr>  <td style=\"border-bottom-width: 1px; border-bottom-style: dotted;\" valign=\"top\" align=\"left\">&nbsp;<\/td>  <td style=\"border-bottom-width: 1px; border-bottom-style: dotted;\" valign=\"top\" align=\"left\">&nbsp;<\/td>  <\/tr>  <tr>  <td valign=\"top\" align=\"left\">&nbsp;<\/td>  <td valign=\"top\" align=\"left\">&nbsp;<\/td>  <\/tr>  <tr>  <td valign=\"top\" align=\"left\">  <p>&nbsp;<\/p>  <p>ul. Towarowa 23<\/p>  <p>43-100 Tychy <\/p>  <\/td> \n <td valign=\"top\" align=\"left\"><iframe loading=\"lazy\" src=\"https:\/\/www.google.com\/maps\/embed?pb=!1m18!1m12!1m3!1d2559.160855702629!2d19.024459251732246!3d50.101996079327705!2m3!1f0!2f0!3f0!3m2!1i1024!2i768!4f13.1!3m3!1m2!1s0x4716b8739ab3ba6d%3A0x4f71d175afd6e69c!2sTowarowa%2023%2C%2043-110%20Tychy!5e0!3m2!1spl!2spl!4v1641923220307!5m2!1spl!2spl\"style=\"border: 0px; float: right;\" width=\"100%\" height=\"200\" frameborder=\"0\"><\/iframe><\/p>  <\/td> \n <\/tr>\n\n\n\n\n\n\n\n\n\n<tr>  <td style=\"border-bottom-width: 1px; border-bottom-style: dotted;\" valign=\"top\" align=\"left\">&nbsp;<\/td>  <td style=\"border-bottom-width: 1px; border-bottom-style: dotted;\" valign=\"top\" align=\"left\">&nbsp;<\/td>  <\/tr>  <tr>  <td valign=\"top\" align=\"left\">&nbsp;<\/td>  <td valign=\"top\" align=\"left\">&nbsp;<\/td>  <\/tr>  <tr>  <td valign=\"top\" align=\"left\">  <p>&nbsp;<\/p>  <p>ul. Dworcowa 30<\/p>  <p>64-840 Budzy\u0144<\/p>  <\/td> \n <td valign=\"top\" align=\"left\"><iframe loading=\"lazy\" src=\"https:\/\/www.google.com\/maps\/embed?pb=!1m14!1m8!1m3!1d2407.194910043088!2d16.9774049!3d52.890913600000005!3m2!1i1024!2i768!4f13.1!3m3!1m2!1s0x47038ac6b36e9d77%3A0xff062b5b7235a5f4!2sDworcowa+30!5e0!3m2!1spl!2spl!4v1397130169734\" style=\"border: 0px; float: right;\" width=\"100%\" height=\"200\" frameborder=\"0\"><\/iframe><\/td> \n <\/tr> \n\n <\/tbody>  <\/table><\/div>\n","protected":false},"excerpt":{"rendered":"<p>&nbsp; ul. Paruszewska 3 62-420 Strza\u0142kowo &nbsp; &nbsp; &nbsp; &nbsp; &nbsp; ul. Elbl\u0105ska 130 80-718 Gda\u0144sk &nbsp; &nbsp; &nbsp; &nbsp; &nbsp; ul. Towarowa 23 43-100 Tychy &nbsp; &nbsp; &nbsp; &nbsp; &nbsp; ul. Dworcowa 30 64-840 Budzy\u0144<\/p>\n","protected":false},"author":1,"featured_media":0,"parent":14,"menu_order":0,"comment_status":"closed","ping_status":"closed","template":"page-o-firmie.php","meta":{"_uag_custom_page_level_css":"","footnotes":""},"yoast_head":"<!-- This site is optimized with the Yoast SEO plugin v21.3 - https:\/\/yoast.com\/wordpress\/plugins\/seo\/ -->\n<title>Storage stock - CWB S.A. EN<\/title>\n<meta name=\"robots\" content=\"index, follow, max-snippet:-1, max-image-preview:large, max-video-preview:-1\" \/>\n<link rel=\"canonical\" href=\"https:\/\/cwb.pl\/en\/home\/about-us\/storage-stock\" \/>\n<meta property=\"og:locale\" content=\"pl_PL\" \/>\n<meta property=\"og:type\" content=\"article\" \/>\n<meta property=\"og:title\" content=\"Storage stock - CWB S.A. EN\" \/>\n<meta property=\"og:description\" content=\"&nbsp; ul. Paruszewska 3 62-420 Strza\u0142kowo &nbsp; &nbsp; &nbsp; &nbsp; &nbsp; ul. Elbl\u0105ska 130 80-718 Gda\u0144sk &nbsp; &nbsp; &nbsp; &nbsp; &nbsp; ul. Towarowa 23 43-100 Tychy &nbsp; &nbsp; &nbsp; &nbsp; &nbsp; ul. Dworcowa 30 64-840 Budzy\u0144\" \/>\n<meta property=\"og:url\" content=\"https:\/\/cwb.pl\/en\/home\/about-us\/storage-stock\" \/>\n<meta property=\"og:site_name\" content=\"CWB S.A. EN\" \/>\n<meta property=\"article:modified_time\" content=\"2022-09-19T12:50:54+00:00\" \/>\n<meta property=\"og:image\" content=\"https:\/\/www.cwb.pl\/wp-content\/uploads\/2022\/09\/deseco-logo2.png\" \/>\n<meta name=\"twitter:card\" content=\"summary_large_image\" \/>\n<meta name=\"twitter:label1\" content=\"Szacowany czas czytania\" \/>\n\t<meta name=\"twitter:data1\" content=\"1 minuta\" \/>\n<script type=\"application\/ld+json\" class=\"yoast-schema-graph\">{\"@context\":\"https:\/\/schema.org\",\"@graph\":[{\"@type\":\"WebPage\",\"@id\":\"https:\/\/cwb.pl\/en\/home\/about-us\/storage-stock\",\"url\":\"https:\/\/cwb.pl\/en\/home\/about-us\/storage-stock\",\"name\":\"Storage stock - CWB S.A. EN\",\"isPartOf\":{\"@id\":\"https:\/\/cwb.pl\/en\/#website\"},\"datePublished\":\"2021-11-22T16:03:09+00:00\",\"dateModified\":\"2022-09-19T12:50:54+00:00\",\"breadcrumb\":{\"@id\":\"https:\/\/cwb.pl\/en\/home\/about-us\/storage-stock#breadcrumb\"},\"inLanguage\":\"pl-PL\",\"potentialAction\":[{\"@type\":\"ReadAction\",\"target\":[\"https:\/\/cwb.pl\/en\/home\/about-us\/storage-stock\"]}]},{\"@type\":\"BreadcrumbList\",\"@id\":\"https:\/\/cwb.pl\/en\/home\/about-us\/storage-stock#breadcrumb\",\"itemListElement\":[{\"@type\":\"ListItem\",\"position\":1,\"name\":\"Home\",\"item\":\"https:\/\/cwb.pl\/en\/\"},{\"@type\":\"ListItem\",\"position\":2,\"name\":\"About us\",\"item\":\"https:\/\/cwb.pl\/en\/home\/about-us\"},{\"@type\":\"ListItem\",\"position\":3,\"name\":\"Storage stock\"}]},{\"@type\":\"WebSite\",\"@id\":\"https:\/\/cwb.pl\/en\/#website\",\"url\":\"https:\/\/cwb.pl\/en\/\",\"name\":\"CWB S.A. EN\",\"description\":\"Certyfikowany importer i dystrybutor surowc\u00f3w chemicznych dla sektora przemys\u0142owego\",\"potentialAction\":[{\"@type\":\"SearchAction\",\"target\":{\"@type\":\"EntryPoint\",\"urlTemplate\":\"https:\/\/cwb.pl\/en\/?s={search_term_string}\"},\"query-input\":\"required name=search_term_string\"}],\"inLanguage\":\"pl-PL\"}]}<\/script>\n<!-- \/ Yoast SEO plugin. -->","yoast_head_json":{"title":"Storage stock - CWB S.A. EN","robots":{"index":"index","follow":"follow","max-snippet":"max-snippet:-1","max-image-preview":"max-image-preview:large","max-video-preview":"max-video-preview:-1"},"canonical":"https:\/\/cwb.pl\/en\/home\/about-us\/storage-stock","og_locale":"pl_PL","og_type":"article","og_title":"Storage stock - CWB S.A. EN","og_description":"&nbsp; ul. Paruszewska 3 62-420 Strza\u0142kowo &nbsp; &nbsp; &nbsp; &nbsp; &nbsp; ul. Elbl\u0105ska 130 80-718 Gda\u0144sk &nbsp; &nbsp; &nbsp; &nbsp; &nbsp; ul. Towarowa 23 43-100 Tychy &nbsp; &nbsp; &nbsp; &nbsp; &nbsp; ul. Dworcowa 30 64-840 Budzy\u0144","og_url":"https:\/\/cwb.pl\/en\/home\/about-us\/storage-stock","og_site_name":"CWB S.A. EN","article_modified_time":"2022-09-19T12:50:54+00:00","og_image":[{"url":"https:\/\/www.cwb.pl\/wp-content\/uploads\/2022\/09\/deseco-logo2.png"}],"twitter_card":"summary_large_image","twitter_misc":{"Szacowany czas czytania":"1 minuta"},"schema":{"@context":"https:\/\/schema.org","@graph":[{"@type":"WebPage","@id":"https:\/\/cwb.pl\/en\/home\/about-us\/storage-stock","url":"https:\/\/cwb.pl\/en\/home\/about-us\/storage-stock","name":"Storage stock - CWB S.A. EN","isPartOf":{"@id":"https:\/\/cwb.pl\/en\/#website"},"datePublished":"2021-11-22T16:03:09+00:00","dateModified":"2022-09-19T12:50:54+00:00","breadcrumb":{"@id":"https:\/\/cwb.pl\/en\/home\/about-us\/storage-stock#breadcrumb"},"inLanguage":"pl-PL","potentialAction":[{"@type":"ReadAction","target":["https:\/\/cwb.pl\/en\/home\/about-us\/storage-stock"]}]},{"@type":"BreadcrumbList","@id":"https:\/\/cwb.pl\/en\/home\/about-us\/storage-stock#breadcrumb","itemListElement":[{"@type":"ListItem","position":1,"name":"Home","item":"https:\/\/cwb.pl\/en\/"},{"@type":"ListItem","position":2,"name":"About us","item":"https:\/\/cwb.pl\/en\/home\/about-us"},{"@type":"ListItem","position":3,"name":"Storage stock"}]},{"@type":"WebSite","@id":"https:\/\/cwb.pl\/en\/#website","url":"https:\/\/cwb.pl\/en\/","name":"CWB S.A. EN","description":"Certyfikowany importer i dystrybutor surowc\u00f3w chemicznych dla sektora przemys\u0142owego","potentialAction":[{"@type":"SearchAction","target":{"@type":"EntryPoint","urlTemplate":"https:\/\/cwb.pl\/en\/?s={search_term_string}"},"query-input":"required name=search_term_string"}],"inLanguage":"pl-PL"}]}},"uagb_featured_image_src":{"full":false,"thumbnail":false,"medium":false,"medium_large":false,"large":false,"1536x1536":false,"2048x2048":false},"uagb_author_info":{"display_name":"admin","author_link":"https:\/\/cwb.pl\/en\/author\/admin"},"uagb_comment_info":0,"uagb_excerpt":"&nbsp; ul. Paruszewska 3 62-420 Strza\u0142kowo &nbsp; &nbsp; &nbsp; &nbsp; &nbsp; ul. Elbl\u0105ska 130 80-718 Gda\u0144sk &nbsp; &nbsp; &nbsp; &nbsp; &nbsp; ul. Towarowa 23 43-100 Tychy &nbsp; &nbsp; &nbsp; &nbsp; &nbsp; ul. Dworcowa 30 64-840 Budzy\u0144","_links":{"self":[{"href":"https:\/\/cwb.pl\/en\/wp-json\/wp\/v2\/pages\/284"}],"collection":[{"href":"https:\/\/cwb.pl\/en\/wp-json\/wp\/v2\/pages"}],"about":[{"href":"https:\/\/cwb.pl\/en\/wp-json\/wp\/v2\/types\/page"}],"author":[{"embeddable":true,"href":"https:\/\/cwb.pl\/en\/wp-json\/wp\/v2\/users\/1"}],"replies":[{"embeddable":true,"href":"https:\/\/cwb.pl\/en\/wp-json\/wp\/v2\/comments?post=284"}],"version-history":[{"count":4,"href":"https:\/\/cwb.pl\/en\/wp-json\/wp\/v2\/pages\/284\/revisions"}],"predecessor-version":[{"id":407,"href":"https:\/\/cwb.pl\/en\/wp-json\/wp\/v2\/pages\/284\/revisions\/407"}],"up":[{"embeddable":true,"href":"https:\/\/cwb.pl\/en\/wp-json\/wp\/v2\/pages\/14"}],"wp:attachment":[{"href":"https:\/\/cwb.pl\/en\/wp-json\/wp\/v2\/media?parent=284"}],"curies":[{"name":"wp","href":"https:\/\/api.w.org\/{rel}","templated":true}]}}