{"id":274,"date":"2021-11-22T17:01:07","date_gmt":"2021-11-22T16:01:07","guid":{"rendered":"http:\/\/cwb.pl\/en\/?page_id=274"},"modified":"2021-11-22T18:09:08","modified_gmt":"2021-11-22T17:09:08","slug":"supervisory-board","status":"publish","type":"page","link":"https:\/\/cwb.pl\/en\/home\/about-us\/supervisory-board","title":{"rendered":"Supervisory Board"},"content":{"rendered":"\n<p><strong><span style=\"color: #800080;\">Magdalena Plesi\u0144ska<\/span><\/strong><strong> \u2013 President<\/strong><\/p>\n\n\n\n<p>Graduate of the Jagiellonian University in Krak\u00f3w \u2013 faculty of mathematics, physics and chemistry in 1972. In order to continue her education she has achieves the doctor\u2019s degree at the Jagiellonian University \u2013 institute of chemistry. In years 2000 \u2013 2003 she has supplemented her professional qualifications by undertaking the faculty in range of accounting and finishing the course in order to obtain the accountancy certificate. Ms Magdalena Plesi\u0144ska has started her professional career and the assistant in the institute of chemistry of the Jagiellonian University; in years 1998 \u2013 2004 she worked as the accountant in the Tax Advisory Office TAX. At the same time since 1980 she manages her own accounting office and offers the economical advisory services.<\/p>\n\n\n\n<p><strong><span style=\"color: #800080;\">Marek Dranikowski<\/span> \u2013 Vice-President<\/strong><\/p>\n\n\n\n<p>Graduate of the Technical University in Pozna\u0144, faculty of machines and vehicles. In years 1991 \u2013 1994 he has gained the professional qualifications in range of Quality management Systems and the title of the certified manager. His professional career has begun in 1976 in WKS Mostostal S\u0142upca; in years 1985 \u2013 1987 he worked as the leader of the construction group in ENERGOMONTA\u017b ZACH\u00d3D Wroc\u0142aw; since 1987 he worked again in WKS Mostostal as the manager of the assembly and welding department, production preparation specialist, production vice-director and finally the president of board. In years 1996 \u2013 2002 he managed his own Technical and Trade Office STAL SERVICE; at the same time he was the vice-president of board in ZREMB S\u0142upca Sp. z o.o. Currently he realizes the tasks of the president of board in Mostostal S\u0142upca S.A.<\/p>\n\n\n<p style=\"color: #800080;\"><strong>Marzena Gola<\/strong><\/p>\n\n\n<p>Graduate of the Nicolaus Copernicus University in Toru\u0144 \u2013 faculty of mathematics, physics and chemistry in 1987. In order to expand her professional qualifications she has finished the faculties in range of organization and management; moreover in range of courses she gained knowledge in range of European Union funds, psychology of customer service, development of local energy markets, public relations and advertisement, and Quality Management Systems.<\/p>\n\n\n\n<p>In years 1987 \u2013 1993 she worked in the vocational school of food industry; in years 1993 \u2013 1995 worked as the process engineer in the Rubber Industry Factory STOMIL in Grudzi\u0105dz; in years 1995 \u2013 1998 she worked in the Sport Equipment factory DELFA Sp. z o.o. as the process engineer, marketing specialist and marketing department manager; in years 1998 \u2013 2007 she worked as the marketing department manager in OPEC Grudzi\u0105dz Sp. z o.o. Currently she manages her own economical advisory company.<\/p>\n\n\n<p style=\"color: #800080;\"><strong>Agata Kammer<\/strong><\/p>\n\n\n<p>Lawyer, qualified as a barrister at Wielkopolska Bar Association. A graduate in law and administration of Warsaw University. Speaks English and French. Has experience of working in law firms in Pozna\u0144. Focus professional interests on issues from the range of family, medical and criminal law. Privately a passionate of travelling and good cuisine.<\/p>\n\n\n<p style=\"color: #800080;\"><strong>Lech Lewandowski<\/strong><\/p>\n\n\n<p>Graduated from Faculty of Power Engineering of Wroc\u0142aw University of Technology, where he had received 3<sup>rd<\/sup> award for his research paper titled: \u201cWyznaczanie cyklu obs\u0142ugowego silnika pojazdu samochodowego w oparciu o wska\u017aniki i charakterystyki trwa\u0142o\u015bci jego zespo\u0142\u00f3w&#8221; [\u201eDetermining of the service lifecycle of a motor vehicle based on the indicators and the characteristics of the endurance of its components\u201d].<\/p>\n\n\n\n<p>His professional carrier began in November 1983 in P.P. Polmozbyt where he was employed as a shift master, and then as the chief of the workshop till July 1984. From August 1984 till January 1991 he was the Assistant Director in Przedsi\u0119biorstwo transportowe Handlu Wewn\u0119trznego, where he managed large teams of workers. Afterwards, till May 1996, he undertook a private business activity setting up and planning the work of grocery-and-industrial wholesale chains and also associated with transport. In May 1996 he won a competition organized by Kampania Piwowarska S.A. for the Chief of the Distribution Center. This post was held by him till April 2002. Afterwards, he returned to private business activities as the co-owner of SealCo Sp. z o.o. and Aluver Castings Sp. z o.o.<\/p>\n","protected":false},"excerpt":{"rendered":"<p>Magdalena Plesi\u0144ska \u2013 President Graduate of the Jagiellonian University in Krak\u00f3w \u2013 faculty of mathematics, physics and chemistry in 1972. In order to continue her education she has achieves the doctor\u2019s degree at the Jagiellonian University \u2013 institute of chemistry. In years 2000 \u2013 2003 she has supplemented her professional qualifications by undertaking the faculty [&hellip;]<\/p>\n","protected":false},"author":1,"featured_media":0,"parent":14,"menu_order":0,"comment_status":"closed","ping_status":"closed","template":"page-o-firmie.php","meta":{"_uag_custom_page_level_css":"","footnotes":""},"yoast_head":"<!-- This site is optimized with the Yoast SEO plugin v21.3 - https:\/\/yoast.com\/wordpress\/plugins\/seo\/ -->\n<title>Supervisory Board - CWB S.A. EN<\/title>\n<meta name=\"robots\" content=\"index, follow, max-snippet:-1, max-image-preview:large, max-video-preview:-1\" \/>\n<link rel=\"canonical\" href=\"https:\/\/cwb.pl\/en\/home\/about-us\/supervisory-board\" \/>\n<meta property=\"og:locale\" content=\"pl_PL\" \/>\n<meta property=\"og:type\" content=\"article\" \/>\n<meta property=\"og:title\" content=\"Supervisory Board - CWB S.A. EN\" \/>\n<meta property=\"og:description\" content=\"Magdalena Plesi\u0144ska \u2013 President Graduate of the Jagiellonian University in Krak\u00f3w \u2013 faculty of mathematics, physics and chemistry in 1972. In order to continue her education she has achieves the doctor\u2019s degree at the Jagiellonian University \u2013 institute of chemistry. In years 2000 \u2013 2003 she has supplemented her professional qualifications by undertaking the faculty [&hellip;]\" \/>\n<meta property=\"og:url\" content=\"https:\/\/cwb.pl\/en\/home\/about-us\/supervisory-board\" \/>\n<meta property=\"og:site_name\" content=\"CWB S.A. EN\" \/>\n<meta property=\"article:modified_time\" content=\"2021-11-22T17:09:08+00:00\" \/>\n<meta name=\"twitter:card\" content=\"summary_large_image\" \/>\n<meta name=\"twitter:label1\" content=\"Szacowany czas czytania\" \/>\n\t<meta name=\"twitter:data1\" content=\"3 minuty\" \/>\n<script type=\"application\/ld+json\" class=\"yoast-schema-graph\">{\"@context\":\"https:\/\/schema.org\",\"@graph\":[{\"@type\":\"WebPage\",\"@id\":\"https:\/\/cwb.pl\/en\/home\/about-us\/supervisory-board\",\"url\":\"https:\/\/cwb.pl\/en\/home\/about-us\/supervisory-board\",\"name\":\"Supervisory Board - CWB S.A. EN\",\"isPartOf\":{\"@id\":\"https:\/\/cwb.pl\/en\/#website\"},\"datePublished\":\"2021-11-22T16:01:07+00:00\",\"dateModified\":\"2021-11-22T17:09:08+00:00\",\"breadcrumb\":{\"@id\":\"https:\/\/cwb.pl\/en\/home\/about-us\/supervisory-board#breadcrumb\"},\"inLanguage\":\"pl-PL\",\"potentialAction\":[{\"@type\":\"ReadAction\",\"target\":[\"https:\/\/cwb.pl\/en\/home\/about-us\/supervisory-board\"]}]},{\"@type\":\"BreadcrumbList\",\"@id\":\"https:\/\/cwb.pl\/en\/home\/about-us\/supervisory-board#breadcrumb\",\"itemListElement\":[{\"@type\":\"ListItem\",\"position\":1,\"name\":\"Home\",\"item\":\"https:\/\/cwb.pl\/en\/\"},{\"@type\":\"ListItem\",\"position\":2,\"name\":\"About us\",\"item\":\"https:\/\/cwb.pl\/en\/home\/about-us\"},{\"@type\":\"ListItem\",\"position\":3,\"name\":\"Supervisory Board\"}]},{\"@type\":\"WebSite\",\"@id\":\"https:\/\/cwb.pl\/en\/#website\",\"url\":\"https:\/\/cwb.pl\/en\/\",\"name\":\"CWB S.A. EN\",\"description\":\"Certyfikowany importer i dystrybutor surowc\u00f3w chemicznych dla sektora przemys\u0142owego\",\"potentialAction\":[{\"@type\":\"SearchAction\",\"target\":{\"@type\":\"EntryPoint\",\"urlTemplate\":\"https:\/\/cwb.pl\/en\/?s={search_term_string}\"},\"query-input\":\"required name=search_term_string\"}],\"inLanguage\":\"pl-PL\"}]}<\/script>\n<!-- \/ Yoast SEO plugin. -->","yoast_head_json":{"title":"Supervisory Board - CWB S.A. EN","robots":{"index":"index","follow":"follow","max-snippet":"max-snippet:-1","max-image-preview":"max-image-preview:large","max-video-preview":"max-video-preview:-1"},"canonical":"https:\/\/cwb.pl\/en\/home\/about-us\/supervisory-board","og_locale":"pl_PL","og_type":"article","og_title":"Supervisory Board - CWB S.A. EN","og_description":"Magdalena Plesi\u0144ska \u2013 President Graduate of the Jagiellonian University in Krak\u00f3w \u2013 faculty of mathematics, physics and chemistry in 1972. In order to continue her education she has achieves the doctor\u2019s degree at the Jagiellonian University \u2013 institute of chemistry. In years 2000 \u2013 2003 she has supplemented her professional qualifications by undertaking the faculty [&hellip;]","og_url":"https:\/\/cwb.pl\/en\/home\/about-us\/supervisory-board","og_site_name":"CWB S.A. EN","article_modified_time":"2021-11-22T17:09:08+00:00","twitter_card":"summary_large_image","twitter_misc":{"Szacowany czas czytania":"3 minuty"},"schema":{"@context":"https:\/\/schema.org","@graph":[{"@type":"WebPage","@id":"https:\/\/cwb.pl\/en\/home\/about-us\/supervisory-board","url":"https:\/\/cwb.pl\/en\/home\/about-us\/supervisory-board","name":"Supervisory Board - CWB S.A. EN","isPartOf":{"@id":"https:\/\/cwb.pl\/en\/#website"},"datePublished":"2021-11-22T16:01:07+00:00","dateModified":"2021-11-22T17:09:08+00:00","breadcrumb":{"@id":"https:\/\/cwb.pl\/en\/home\/about-us\/supervisory-board#breadcrumb"},"inLanguage":"pl-PL","potentialAction":[{"@type":"ReadAction","target":["https:\/\/cwb.pl\/en\/home\/about-us\/supervisory-board"]}]},{"@type":"BreadcrumbList","@id":"https:\/\/cwb.pl\/en\/home\/about-us\/supervisory-board#breadcrumb","itemListElement":[{"@type":"ListItem","position":1,"name":"Home","item":"https:\/\/cwb.pl\/en\/"},{"@type":"ListItem","position":2,"name":"About us","item":"https:\/\/cwb.pl\/en\/home\/about-us"},{"@type":"ListItem","position":3,"name":"Supervisory Board"}]},{"@type":"WebSite","@id":"https:\/\/cwb.pl\/en\/#website","url":"https:\/\/cwb.pl\/en\/","name":"CWB S.A. EN","description":"Certyfikowany importer i dystrybutor surowc\u00f3w chemicznych dla sektora przemys\u0142owego","potentialAction":[{"@type":"SearchAction","target":{"@type":"EntryPoint","urlTemplate":"https:\/\/cwb.pl\/en\/?s={search_term_string}"},"query-input":"required name=search_term_string"}],"inLanguage":"pl-PL"}]}},"uagb_featured_image_src":{"full":false,"thumbnail":false,"medium":false,"medium_large":false,"large":false,"1536x1536":false,"2048x2048":false},"uagb_author_info":{"display_name":"admin","author_link":"https:\/\/cwb.pl\/en\/author\/admin"},"uagb_comment_info":0,"uagb_excerpt":"Magdalena Plesi\u0144ska \u2013 President Graduate of the Jagiellonian University in Krak\u00f3w \u2013 faculty of mathematics, physics and chemistry in 1972. In order to continue her education she has achieves the doctor\u2019s degree at the Jagiellonian University \u2013 institute of chemistry. In years 2000 \u2013 2003 she has supplemented her professional qualifications by undertaking the faculty&hellip;","_links":{"self":[{"href":"https:\/\/cwb.pl\/en\/wp-json\/wp\/v2\/pages\/274"}],"collection":[{"href":"https:\/\/cwb.pl\/en\/wp-json\/wp\/v2\/pages"}],"about":[{"href":"https:\/\/cwb.pl\/en\/wp-json\/wp\/v2\/types\/page"}],"author":[{"embeddable":true,"href":"https:\/\/cwb.pl\/en\/wp-json\/wp\/v2\/users\/1"}],"replies":[{"embeddable":true,"href":"https:\/\/cwb.pl\/en\/wp-json\/wp\/v2\/comments?post=274"}],"version-history":[{"count":3,"href":"https:\/\/cwb.pl\/en\/wp-json\/wp\/v2\/pages\/274\/revisions"}],"predecessor-version":[{"id":325,"href":"https:\/\/cwb.pl\/en\/wp-json\/wp\/v2\/pages\/274\/revisions\/325"}],"up":[{"embeddable":true,"href":"https:\/\/cwb.pl\/en\/wp-json\/wp\/v2\/pages\/14"}],"wp:attachment":[{"href":"https:\/\/cwb.pl\/en\/wp-json\/wp\/v2\/media?parent=274"}],"curies":[{"name":"wp","href":"https:\/\/api.w.org\/{rel}","templated":true}]}}