{"id":272,"date":"2021-11-22T17:00:45","date_gmt":"2021-11-22T16:00:45","guid":{"rendered":"http:\/\/cwb.pl\/en\/?page_id=272"},"modified":"2021-11-22T18:10:43","modified_gmt":"2021-11-22T17:10:43","slug":"shareholders-board","status":"publish","type":"page","link":"https:\/\/cwb.pl\/en\/home\/about-us\/shareholders-board","title":{"rendered":"Shareholders\/Board"},"content":{"rendered":"\n<table style=\"width: 100%; border-collapse: collapse; border-width: medium; border-style: none; -moz-border-top-colors: none; -moz-border-right-colors: none; -moz-border-bottom-colors: none; -moz-border-left-colors: none; border-image: none;\" cellpadding=\"0\" border=\"0\">  <tbody>  <tr style=\"background-color: #a150ac;\">  <td width=\"700\">  <p align=\"center\"><span style=\"color: #ffffff;\">Shareholders<\/span><\/p>  <\/td>  <td width=\"700\">  <p align=\"center\"><span style=\"color: #ffffff;\">Type of shares<\/span><\/p>  <\/td>  <td width=\"700\">  <p align=\"center\"><span style=\"color: #ffffff;\">Number of shares<\/span><\/p>  <\/td>  <td width=\"700\">  <p align=\"center\"><span style=\"color: #ffffff;\">Nominal value of shares<\/span><\/p>  <\/td>  <td width=\"700\">  <p align=\"center\"><span style=\"color: #ffffff;\">Company capital<\/span><\/p>  <\/td>  <td width=\"700\">  <p align=\"center\"><span style=\"color: #ffffff;\">Share in company capital<\/span><\/p>  <\/td>  <td width=\"900\">  <p align=\"center\"><span style=\"color: #ffffff;\">Share in total number of votes at General Meeting<\/span><\/p>  <\/td>  <\/tr>  <tr>  <td width=\"700\">  <p align=\"center\"><strong>&nbsp;Jacek Baran<\/strong><\/p>  <\/td>  <td style=\"border-width: medium; border-style: none; -moz-border-top-colors: none; -moz-border-right-colors: none; -moz-border-bottom-colors: none; -moz-border-left-colors: none; border-image: none; width: 700px;\">  <p align=\"center\">ordinary bearer shares<\/p>  <\/td>  <td width=\"700\">  <p align=\"center\">670.000&nbsp;<\/p>  <\/td>  <td width=\"700\">  <p align=\"center\">0.10 z\u0142&nbsp;<\/p>  <\/td>  <td width=\"700\">  <p align=\"center\">67.000 z\u0142&nbsp;<\/p>  <\/td>  <td width=\"700\">  <p align=\"center\">67%&nbsp;<\/p>  <\/td>  <td width=\"700\">  <p align=\"center\">67%<\/p>  <\/td>  <\/tr>  <tr>  <td width=\"700\">  <p align=\"center\">&nbsp;<strong>Waldemar Gola<\/strong><\/p>  <\/td>  <td width=\"700\">  <p align=\"center\">ordinary bearer shares<\/p>  <\/td>  <td width=\"700\">  <p align=\"center\">330.000&nbsp;<\/p>  <\/td>  <td width=\"700\">  <p align=\"center\">0.10&nbsp;z\u0142<\/p>  <\/td>  <td width=\"700\">  <p align=\"center\">33.000 z\u0142&nbsp;<\/p>  <\/td>  <td width=\"700\">  <p align=\"center\">33%&nbsp;<\/p>  <\/td>  <td width=\"700\">  <p align=\"center\">33%<\/p>  <\/td>  <\/tr>  <tr style=\"background-color: #a150ac;\">  <td colspan=\"2\" width=\"700\">  <p align=\"center\"><span style=\"color: #ffffff;\">Total<\/span><\/p>  <\/td>  <td width=\"700\">  <p align=\"center\"><span style=\"color: #ffffff;\">1.000.000<\/span><\/p>  <\/td>  <td width=\"700\">  <p align=\"center\"><span style=\"color: #ffffff;\">X<\/span><\/p>  <\/td>  <td width=\"700\">  <p align=\"center\"><span style=\"color: #ffffff;\">&nbsp;100.000 PLN<\/span><\/p>  <\/td>  <td width=\"700\">  <p align=\"center\"><span style=\"color: #ffffff;\">&nbsp;100%<\/span><\/p>  <\/td>  <td width=\"700\">  <p align=\"center\"><span style=\"color: #ffffff;\">&nbsp;&nbsp; &nbsp;&nbsp;&nbsp;&nbsp; &nbsp;100% &nbsp; &nbsp; &nbsp;<\/span><\/p>  <\/td>  <\/tr>  <\/tbody>  <\/table>\n\n\n\n<p><strong>Jacek Baran &#8211; President of Board<\/strong><\/p>\n\n\n\n<p>Originator and co-founder of the limited liability company created in 2002, acting as Chemical Worldwide Business. Graduate of the University of Warsaw \u2013 Faculty of Economical Sciences in 1991, M. Sc. of economy. Graduate of Canadian International Management Institute (Management 2004 programme). In 2009 he has finished the one-year programme Academy of Strategic leadership, organized by ICAN Institute in Warsaw.<\/p>\n\n\n\n<p>In years 1992 \u2013 1999 worked in PPH \u201cKonimpex\u201d Sp. z o.o. company, specialized in the foreign trade. He had the possibility of participating in development of one of the biggest trade companies in Poland, being promoted from the foreign trade specialist to the General Vice-Director. In 1999 he has taken the position of the General Director in Konimpex Bis Sp. z o.o. company, held to 2001. In March 2002 he has started working in the production company GTX Hanex Plastic Sp. z o.o. as the Managing Director.<\/p>\n\n\n\n<p>In May 2002 he has made a&nbsp;decision of creating the Chemical Worldwide Business company, in which he is the majority shareholder and the President of Board. He successfully manages the company, transforms it into the joint stock company and continues work at the assigned position, consequently developing the company position among the biggest distributors of the chemical raw materials.<\/p>\n\n\n\n<p><strong>Waldemar Gola &#8211; Vice-President of Board<\/strong><\/p>\n\n\n\n<p>Graduate of the Nicolaus Copernicus University in Toru\u0144 \u2013 faculty of mathematics, physics and chemistry in 1988. In order to expand his professional qualifications he has finished the postgraduate studies at the Nicolaus Copernicus University in Toru\u0144 \u2013 faculty of economical sciences and management in range of financial management and marketing. Moreover he has gained knowledge in range of Quality Management Systems. In years 1987 \u2013 1993 worked in the vocational school of food industry; since 1993 worked as the leading process engineer in the Rubber Industry Factory STOMIL in Grudzi\u0105dz; at the turn of 1995\/1996 he has realized the tasks of the leading process engineer in the Rubber Products Factory HEWEa Sp. z o.o. Up to 2001 worked as the Marketing and Development Director in the Rubber Shoes factory ROFIS Sp. z o.o. Currently the Vice-President of Board in Chemical Worldwide Business S.A.<\/p>\n","protected":false},"excerpt":{"rendered":"<p>Shareholders Type of shares Number of shares Nominal value of shares Company capital Share in company capital Share in total number of votes at General Meeting &nbsp;Jacek Baran ordinary bearer shares 670.000&nbsp; 0.10 z\u0142&nbsp; 67.000 z\u0142&nbsp; 67%&nbsp; 67% &nbsp;Waldemar Gola ordinary bearer shares 330.000&nbsp; 0.10&nbsp;z\u0142 33.000 z\u0142&nbsp; 33%&nbsp; 33% Total 1.000.000 X &nbsp;100.000 PLN &nbsp;100% [&hellip;]<\/p>\n","protected":false},"author":1,"featured_media":0,"parent":14,"menu_order":0,"comment_status":"closed","ping_status":"closed","template":"page-o-firmie.php","meta":{"_uag_custom_page_level_css":"","footnotes":""},"yoast_head":"<!-- This site is optimized with the Yoast SEO plugin v21.3 - https:\/\/yoast.com\/wordpress\/plugins\/seo\/ -->\n<title>Shareholders\/Board - CWB S.A. EN<\/title>\n<meta name=\"robots\" content=\"index, follow, max-snippet:-1, max-image-preview:large, max-video-preview:-1\" \/>\n<link rel=\"canonical\" href=\"https:\/\/cwb.pl\/en\/home\/about-us\/shareholders-board\" \/>\n<meta property=\"og:locale\" content=\"pl_PL\" \/>\n<meta property=\"og:type\" content=\"article\" \/>\n<meta property=\"og:title\" content=\"Shareholders\/Board - CWB S.A. EN\" \/>\n<meta property=\"og:description\" content=\"Shareholders Type of shares Number of shares Nominal value of shares Company capital Share in company capital Share in total number of votes at General Meeting &nbsp;Jacek Baran ordinary bearer shares 670.000&nbsp; 0.10 z\u0142&nbsp; 67.000 z\u0142&nbsp; 67%&nbsp; 67% &nbsp;Waldemar Gola ordinary bearer shares 330.000&nbsp; 0.10&nbsp;z\u0142 33.000 z\u0142&nbsp; 33%&nbsp; 33% Total 1.000.000 X &nbsp;100.000 PLN &nbsp;100% [&hellip;]\" \/>\n<meta property=\"og:url\" content=\"https:\/\/cwb.pl\/en\/home\/about-us\/shareholders-board\" \/>\n<meta property=\"og:site_name\" content=\"CWB S.A. EN\" \/>\n<meta property=\"article:modified_time\" content=\"2021-11-22T17:10:43+00:00\" \/>\n<meta name=\"twitter:card\" content=\"summary_large_image\" \/>\n<meta name=\"twitter:label1\" content=\"Szacowany czas czytania\" \/>\n\t<meta name=\"twitter:data1\" content=\"2 minuty\" \/>\n<script type=\"application\/ld+json\" class=\"yoast-schema-graph\">{\"@context\":\"https:\/\/schema.org\",\"@graph\":[{\"@type\":\"WebPage\",\"@id\":\"https:\/\/cwb.pl\/en\/home\/about-us\/shareholders-board\",\"url\":\"https:\/\/cwb.pl\/en\/home\/about-us\/shareholders-board\",\"name\":\"Shareholders\/Board - CWB S.A. EN\",\"isPartOf\":{\"@id\":\"https:\/\/cwb.pl\/en\/#website\"},\"datePublished\":\"2021-11-22T16:00:45+00:00\",\"dateModified\":\"2021-11-22T17:10:43+00:00\",\"breadcrumb\":{\"@id\":\"https:\/\/cwb.pl\/en\/home\/about-us\/shareholders-board#breadcrumb\"},\"inLanguage\":\"pl-PL\",\"potentialAction\":[{\"@type\":\"ReadAction\",\"target\":[\"https:\/\/cwb.pl\/en\/home\/about-us\/shareholders-board\"]}]},{\"@type\":\"BreadcrumbList\",\"@id\":\"https:\/\/cwb.pl\/en\/home\/about-us\/shareholders-board#breadcrumb\",\"itemListElement\":[{\"@type\":\"ListItem\",\"position\":1,\"name\":\"Home\",\"item\":\"https:\/\/cwb.pl\/en\/\"},{\"@type\":\"ListItem\",\"position\":2,\"name\":\"About us\",\"item\":\"https:\/\/cwb.pl\/en\/home\/about-us\"},{\"@type\":\"ListItem\",\"position\":3,\"name\":\"Shareholders\/Board\"}]},{\"@type\":\"WebSite\",\"@id\":\"https:\/\/cwb.pl\/en\/#website\",\"url\":\"https:\/\/cwb.pl\/en\/\",\"name\":\"CWB S.A. EN\",\"description\":\"Certyfikowany importer i dystrybutor surowc\u00f3w chemicznych dla sektora przemys\u0142owego\",\"potentialAction\":[{\"@type\":\"SearchAction\",\"target\":{\"@type\":\"EntryPoint\",\"urlTemplate\":\"https:\/\/cwb.pl\/en\/?s={search_term_string}\"},\"query-input\":\"required name=search_term_string\"}],\"inLanguage\":\"pl-PL\"}]}<\/script>\n<!-- \/ Yoast SEO plugin. -->","yoast_head_json":{"title":"Shareholders\/Board - CWB S.A. EN","robots":{"index":"index","follow":"follow","max-snippet":"max-snippet:-1","max-image-preview":"max-image-preview:large","max-video-preview":"max-video-preview:-1"},"canonical":"https:\/\/cwb.pl\/en\/home\/about-us\/shareholders-board","og_locale":"pl_PL","og_type":"article","og_title":"Shareholders\/Board - CWB S.A. EN","og_description":"Shareholders Type of shares Number of shares Nominal value of shares Company capital Share in company capital Share in total number of votes at General Meeting &nbsp;Jacek Baran ordinary bearer shares 670.000&nbsp; 0.10 z\u0142&nbsp; 67.000 z\u0142&nbsp; 67%&nbsp; 67% &nbsp;Waldemar Gola ordinary bearer shares 330.000&nbsp; 0.10&nbsp;z\u0142 33.000 z\u0142&nbsp; 33%&nbsp; 33% Total 1.000.000 X &nbsp;100.000 PLN &nbsp;100% [&hellip;]","og_url":"https:\/\/cwb.pl\/en\/home\/about-us\/shareholders-board","og_site_name":"CWB S.A. EN","article_modified_time":"2021-11-22T17:10:43+00:00","twitter_card":"summary_large_image","twitter_misc":{"Szacowany czas czytania":"2 minuty"},"schema":{"@context":"https:\/\/schema.org","@graph":[{"@type":"WebPage","@id":"https:\/\/cwb.pl\/en\/home\/about-us\/shareholders-board","url":"https:\/\/cwb.pl\/en\/home\/about-us\/shareholders-board","name":"Shareholders\/Board - CWB S.A. EN","isPartOf":{"@id":"https:\/\/cwb.pl\/en\/#website"},"datePublished":"2021-11-22T16:00:45+00:00","dateModified":"2021-11-22T17:10:43+00:00","breadcrumb":{"@id":"https:\/\/cwb.pl\/en\/home\/about-us\/shareholders-board#breadcrumb"},"inLanguage":"pl-PL","potentialAction":[{"@type":"ReadAction","target":["https:\/\/cwb.pl\/en\/home\/about-us\/shareholders-board"]}]},{"@type":"BreadcrumbList","@id":"https:\/\/cwb.pl\/en\/home\/about-us\/shareholders-board#breadcrumb","itemListElement":[{"@type":"ListItem","position":1,"name":"Home","item":"https:\/\/cwb.pl\/en\/"},{"@type":"ListItem","position":2,"name":"About us","item":"https:\/\/cwb.pl\/en\/home\/about-us"},{"@type":"ListItem","position":3,"name":"Shareholders\/Board"}]},{"@type":"WebSite","@id":"https:\/\/cwb.pl\/en\/#website","url":"https:\/\/cwb.pl\/en\/","name":"CWB S.A. EN","description":"Certyfikowany importer i dystrybutor surowc\u00f3w chemicznych dla sektora przemys\u0142owego","potentialAction":[{"@type":"SearchAction","target":{"@type":"EntryPoint","urlTemplate":"https:\/\/cwb.pl\/en\/?s={search_term_string}"},"query-input":"required name=search_term_string"}],"inLanguage":"pl-PL"}]}},"uagb_featured_image_src":{"full":false,"thumbnail":false,"medium":false,"medium_large":false,"large":false,"1536x1536":false,"2048x2048":false},"uagb_author_info":{"display_name":"admin","author_link":"https:\/\/cwb.pl\/en\/author\/admin"},"uagb_comment_info":0,"uagb_excerpt":"Shareholders Type of shares Number of shares Nominal value of shares Company capital Share in company capital Share in total number of votes at General Meeting &nbsp;Jacek Baran ordinary bearer shares 670.000&nbsp; 0.10 z\u0142&nbsp; 67.000 z\u0142&nbsp; 67%&nbsp; 67% &nbsp;Waldemar Gola ordinary bearer shares 330.000&nbsp; 0.10&nbsp;z\u0142 33.000 z\u0142&nbsp; 33%&nbsp; 33% Total 1.000.000 X &nbsp;100.000 PLN &nbsp;100%&hellip;","_links":{"self":[{"href":"https:\/\/cwb.pl\/en\/wp-json\/wp\/v2\/pages\/272"}],"collection":[{"href":"https:\/\/cwb.pl\/en\/wp-json\/wp\/v2\/pages"}],"about":[{"href":"https:\/\/cwb.pl\/en\/wp-json\/wp\/v2\/types\/page"}],"author":[{"embeddable":true,"href":"https:\/\/cwb.pl\/en\/wp-json\/wp\/v2\/users\/1"}],"replies":[{"embeddable":true,"href":"https:\/\/cwb.pl\/en\/wp-json\/wp\/v2\/comments?post=272"}],"version-history":[{"count":2,"href":"https:\/\/cwb.pl\/en\/wp-json\/wp\/v2\/pages\/272\/revisions"}],"predecessor-version":[{"id":326,"href":"https:\/\/cwb.pl\/en\/wp-json\/wp\/v2\/pages\/272\/revisions\/326"}],"up":[{"embeddable":true,"href":"https:\/\/cwb.pl\/en\/wp-json\/wp\/v2\/pages\/14"}],"wp:attachment":[{"href":"https:\/\/cwb.pl\/en\/wp-json\/wp\/v2\/media?parent=272"}],"curies":[{"name":"wp","href":"https:\/\/api.w.org\/{rel}","templated":true}]}}