{"id":78,"date":"2021-11-24T10:16:41","date_gmt":"2021-11-24T09:16:41","guid":{"rendered":"http:\/\/cwb.pl\/de\/?page_id=78"},"modified":"2021-11-24T10:21:58","modified_gmt":"2021-11-24T09:21:58","slug":"aktionere-vorstand","status":"publish","type":"page","link":"https:\/\/cwb.pl\/de\/hauptseite\/uber-firma\/aktionere-vorstand","title":{"rendered":"Aktionere \/ Vorstand"},"content":{"rendered":"\n<table style=\"width: 100%; border-collapse: collapse; border-width: medium; border-style: none; -moz-border-top-colors: none; -moz-border-right-colors: none; -moz-border-bottom-colors: none; -moz-border-left-colors: none; border-image: none;\" cellpadding=\"0\" border=\"0\">  <tbody>  <tr style=\"background-color: #a150ac;\">  <td width=\"700\">  <p align=\"center\"><span style=\"color: #ffffff;\">Aktion\u00e4re<\/span><\/p>  <\/td>  <td width=\"700\">  <p align=\"center\"><span style=\"color: #ffffff;\">Aktienart<\/span><\/p>  <\/td>  <td width=\"700\">  <p align=\"center\"><span style=\"color: #ffffff;\">Aktienzahl<\/span><\/p>  <\/td>  <td width=\"700\">  <p align=\"center\"><span style=\"color: #ffffff;\">Nominalwert <br>der Aktien<\/span><\/p>  <\/td>  <td width=\"700\">  <p align=\"center\"><span style=\"color: #ffffff;\">Grundkapital<\/span><\/p>  <\/td>  <td width=\"700\">  <p align=\"center\"><span style=\"color: #ffffff;\">Anteil am Grundkapital<\/span><\/p>  <\/td>  <td width=\"900\">  <p align=\"center\"><span style=\"color: #ffffff;\">Anteil&nbsp; an allgemeiner Zahl der Stimme in der Hauptversammlung <\/span><\/p>  <\/td>  <\/tr>  <tr>  <td width=\"700\">  <p align=\"center\"><strong><br> Jacek Baran<\/strong><\/p>  <\/td>  <td style=\"border-width: medium; border-style: none; -moz-border-top-colors: none; -moz-border-right-colors: none; -moz-border-bottom-colors: none; -moz-border-left-colors: none; border-image: none; width: 700px;\">  <p align=\"center\"><br>Inhaberaktien<\/p>  <\/td>  <td width=\"700\">  <p align=\"center\"><br>670.000<\/p>  <\/td>  <td width=\"700\">  <p align=\"center\"><br>0.10 z\u0142<\/p>  <\/td>  <td width=\"700\">  <p align=\"center\"><br>67.000 z\u0142<\/p>  <\/td>  <td width=\"700\">  <p align=\"center\"><br>67%<\/p>  <\/td>  <td width=\"700\">  <p align=\"center\"><br>67%<\/p>  <\/td>  <\/tr>  <tr>  <td width=\"700\">  <p align=\"center\"><strong>Waldemar Gola<\/strong><\/p>  <\/td>  <td width=\"700\">  <p align=\"center\">Einfache<\/p>  <\/td>  <td width=\"700\">  <p align=\"center\">330.000<\/p>  <\/td>  <td width=\"700\">  <p align=\"center\">0.10 z\u0142<\/p>  <\/td>  <td width=\"700\">  <p align=\"center\">33.000 z\u0142<\/p>  <\/td>  <td width=\"700\">  <p align=\"center\">33%<\/p>  <\/td>  <td width=\"700\">  <p align=\"center\">33%<\/p>  <\/td>  <\/tr>  <tr style=\"background-color: #a150ac;\">  <td colspan=\"2\" width=\"700\">  <p align=\"center\"><span style=\"color: #ffffff;\"> Insgesamt <\/span><\/p>  <\/td>  <td width=\"700\">  <p align=\"center\"><span style=\"color: #ffffff;\">1.000.000<\/span><\/p>  <\/td>  <td width=\"700\">  <p align=\"center\"><span style=\"color: #ffffff;\">X<\/span><\/p>  <\/td>  <td width=\"700\">  <p align=\"center\"><span style=\"color: #ffffff;\"> 100.000 z\u0142<\/span><\/p>  <\/td>  <td width=\"700\">  <p align=\"center\"><span style=\"color: #ffffff;\"> 100%<\/span><\/p>  <\/td>  <td width=\"700\">  <p align=\"center\"><span style=\"color: #ffffff;\"> 100% <\/span><\/p>  <\/td>  <\/tr>  <\/tbody>  <\/table>\n\n\n\n<p><strong>Jacek Baran&nbsp; &#8211; Vorstandsvorsitzender<\/strong><\/p>\n\n\n\n<p>Ein Initiator und Mitgr\u00fcnder der im Jahre 2002 gegr\u00fcndeten Gesellschaft mit beschr\u00e4nkter Haftung unter Name Chemical Worldwide Business. Ein Absolvent der Warschaueruniversit\u00e4t&nbsp; &#8211; Abteilung der Wirtschaftswissenschaft, welche er im Jahre 1991 mit dem Titel Magister im Bereich Wirtschaftswissenschaft abschloss. Der Absolvent von Canadian International Management Institute (Management 2004 \u2013 Programm). Im Jahre 2009 schloss er das j\u00e4hrliche Programm einer Akademie der strategischen F\u00fchrung ab, die durch ICAN Institute in Warschau organisiert wurde.<\/p>\n\n\n\n<p>In den Jahren 1992 \u2013 1999 arbeitete er in der Fa. PPH \u201eKonimpex\u201d Sp. z o.o. mit dem Fachbereich : Auslandshandel. Er hatte die M\u00f6glichkeit der Teilnahme bei Errichtung einer der gr\u00f6\u03b2ten Handelsfirmen in Polen, eingestellt von Spezialist im Bereich Auslandshandel bis Stellvertreter des Hauptdirektors. Im Jahre 1999 nahm er eine Arbeit in der GTX Handex Plastic Sp. z o.o. \u2013 Produktionsfirma als Verwaltungsdirektor an.<\/p>\n\n\n\n<p>Im Mai 2002 entschloss er&nbsp; die Chemical Worldwide Business &#8211;&nbsp; Gesellschaft zu gr\u00fcnden, wo er ein Mehrheitsteilhaber ist und er wurde f\u00fcr einen Gesch\u00e4ftsf\u00fchrer ausgew\u00e4hlt. Mit Erfolgt leitet er die Firma, umwandelte in Aktiengesellschaft und setzte seine Arbeit zielstrebig durch einen Aufstieg der Firmaposition innerhalb der gr\u00f6\u03b2ten Vertreiber der chemischen Rohstoffe fort.<\/p>\n\n\n\n<p><strong>Waldemar Gola &#8211; Stellvertretender Vorstandsvorsitzender<\/strong><\/p>\n\n\n\n<p>Im Jahre 1988 machte er Diplom der Mathematik-, Physik- und Chemie-Abteilung an der Miko\u0142aj Kopernik &#8211; Universit\u00e4t in Toru\u0144. Mit Erweiterung der beruflichen Qualifikationen schloss er ein Aufbaustudium in der Abteilung der Wirtschafts- und Verwaltungswissenschaft von der Miko\u0142aj Kopernik &#8211; Universit\u00e4t in Toru\u0144 im Bereich Finanz- und Marketingsverwaltung ab. Zus\u00e4tzlich im Rahmen der teilgenommenen Kurse erreichte er Kenntnisse im Bereich des Systems der Qualit\u00e4tsverwaltung. In den Jahren 1987 \u2013 1993 war er in einer Gruppe der Berufsschulen der Lebensmittelindustrie, vom Jahr 1993 als F\u00fchrtechnologe in den STOMIL \u2013 Gummiindustriewerken in Grudzi\u0105dz, eingestellt. Um die Jahrwende 1995 \/ 1996 f\u00fchrte er die Aufgaben des Haupttechnologen im HEWEA Sp. z o.o. \u2013 Werk der Gummiprodukte aus.&nbsp; Bis zum 2001 war er im ROFIS Sp. z o.o. &#8211;&nbsp; Werk der Gummischuhe&nbsp; als Marketings- und Entwicklungsdirektor eingestellt. Jetzt \u00fcbt er eine Funktion&nbsp; des Stellvertretendern Vorstandsvorsitzenders von Chemical Worldwide Bussines S.A. aus.<\/p>\n","protected":false},"excerpt":{"rendered":"<p>Aktion\u00e4re Aktienart Aktienzahl Nominalwert der Aktien Grundkapital Anteil am Grundkapital Anteil&nbsp; an allgemeiner Zahl der Stimme in der Hauptversammlung Jacek Baran Inhaberaktien 670.000 0.10 z\u0142 67.000 z\u0142 67% 67% Waldemar Gola Einfache 330.000 0.10 z\u0142 33.000 z\u0142 33% 33% Insgesamt 1.000.000 X 100.000 z\u0142 100% 100% Jacek Baran&nbsp; &#8211; Vorstandsvorsitzender Ein Initiator und Mitgr\u00fcnder der [&hellip;]<\/p>\n","protected":false},"author":1,"featured_media":0,"parent":26,"menu_order":0,"comment_status":"closed","ping_status":"closed","template":"page-o-firmie.php","meta":{"_uag_custom_page_level_css":"","ngg_post_thumbnail":0,"footnotes":""},"yoast_head":"<!-- This site is optimized with the Yoast SEO plugin v21.3 - https:\/\/yoast.com\/wordpress\/plugins\/seo\/ -->\n<title>Aktionere \/ Vorstand - CWB S.A. DE<\/title>\n<meta name=\"robots\" content=\"index, follow, max-snippet:-1, max-image-preview:large, max-video-preview:-1\" \/>\n<link rel=\"canonical\" href=\"https:\/\/cwb.pl\/de\/hauptseite\/uber-firma\/aktionere-vorstand\" \/>\n<meta property=\"og:locale\" content=\"pl_PL\" \/>\n<meta property=\"og:type\" content=\"article\" \/>\n<meta property=\"og:title\" content=\"Aktionere \/ Vorstand - CWB S.A. DE\" \/>\n<meta property=\"og:description\" content=\"Aktion\u00e4re Aktienart Aktienzahl Nominalwert der Aktien Grundkapital Anteil am Grundkapital Anteil&nbsp; an allgemeiner Zahl der Stimme in der Hauptversammlung Jacek Baran Inhaberaktien 670.000 0.10 z\u0142 67.000 z\u0142 67% 67% Waldemar Gola Einfache 330.000 0.10 z\u0142 33.000 z\u0142 33% 33% Insgesamt 1.000.000 X 100.000 z\u0142 100% 100% Jacek Baran&nbsp; &#8211; Vorstandsvorsitzender Ein Initiator und Mitgr\u00fcnder der [&hellip;]\" \/>\n<meta property=\"og:url\" content=\"https:\/\/cwb.pl\/de\/hauptseite\/uber-firma\/aktionere-vorstand\" \/>\n<meta property=\"og:site_name\" content=\"CWB S.A. DE\" \/>\n<meta property=\"article:modified_time\" content=\"2021-11-24T09:21:58+00:00\" \/>\n<meta name=\"twitter:card\" content=\"summary_large_image\" \/>\n<meta name=\"twitter:label1\" content=\"Szacowany czas czytania\" \/>\n\t<meta name=\"twitter:data1\" content=\"2 minuty\" \/>\n<script type=\"application\/ld+json\" class=\"yoast-schema-graph\">{\"@context\":\"https:\/\/schema.org\",\"@graph\":[{\"@type\":\"WebPage\",\"@id\":\"https:\/\/cwb.pl\/de\/hauptseite\/uber-firma\/aktionere-vorstand\",\"url\":\"https:\/\/cwb.pl\/de\/hauptseite\/uber-firma\/aktionere-vorstand\",\"name\":\"Aktionere \/ Vorstand - CWB S.A. DE\",\"isPartOf\":{\"@id\":\"https:\/\/cwb.pl\/de\/#website\"},\"datePublished\":\"2021-11-24T09:16:41+00:00\",\"dateModified\":\"2021-11-24T09:21:58+00:00\",\"breadcrumb\":{\"@id\":\"https:\/\/cwb.pl\/de\/hauptseite\/uber-firma\/aktionere-vorstand#breadcrumb\"},\"inLanguage\":\"pl-PL\",\"potentialAction\":[{\"@type\":\"ReadAction\",\"target\":[\"https:\/\/cwb.pl\/de\/hauptseite\/uber-firma\/aktionere-vorstand\"]}]},{\"@type\":\"BreadcrumbList\",\"@id\":\"https:\/\/cwb.pl\/de\/hauptseite\/uber-firma\/aktionere-vorstand#breadcrumb\",\"itemListElement\":[{\"@type\":\"ListItem\",\"position\":1,\"name\":\"Hauptseite\",\"item\":\"https:\/\/cwb.pl\/de\/\"},{\"@type\":\"ListItem\",\"position\":2,\"name\":\"\u00dcber Firma\",\"item\":\"https:\/\/cwb.pl\/de\/hauptseite\/uber-firma\"},{\"@type\":\"ListItem\",\"position\":3,\"name\":\"Aktionere \/ Vorstand\"}]},{\"@type\":\"WebSite\",\"@id\":\"https:\/\/cwb.pl\/de\/#website\",\"url\":\"https:\/\/cwb.pl\/de\/\",\"name\":\"CWB S.A. DE\",\"description\":\"Certyfikowany importer i dystrybutor surowc\u00f3w chemicznych dla sektora przemys\u0142owego\",\"potentialAction\":[{\"@type\":\"SearchAction\",\"target\":{\"@type\":\"EntryPoint\",\"urlTemplate\":\"https:\/\/cwb.pl\/de\/?s={search_term_string}\"},\"query-input\":\"required name=search_term_string\"}],\"inLanguage\":\"pl-PL\"}]}<\/script>\n<!-- \/ Yoast SEO plugin. -->","yoast_head_json":{"title":"Aktionere \/ Vorstand - CWB S.A. DE","robots":{"index":"index","follow":"follow","max-snippet":"max-snippet:-1","max-image-preview":"max-image-preview:large","max-video-preview":"max-video-preview:-1"},"canonical":"https:\/\/cwb.pl\/de\/hauptseite\/uber-firma\/aktionere-vorstand","og_locale":"pl_PL","og_type":"article","og_title":"Aktionere \/ Vorstand - CWB S.A. DE","og_description":"Aktion\u00e4re Aktienart Aktienzahl Nominalwert der Aktien Grundkapital Anteil am Grundkapital Anteil&nbsp; an allgemeiner Zahl der Stimme in der Hauptversammlung Jacek Baran Inhaberaktien 670.000 0.10 z\u0142 67.000 z\u0142 67% 67% Waldemar Gola Einfache 330.000 0.10 z\u0142 33.000 z\u0142 33% 33% Insgesamt 1.000.000 X 100.000 z\u0142 100% 100% Jacek Baran&nbsp; &#8211; Vorstandsvorsitzender Ein Initiator und Mitgr\u00fcnder der [&hellip;]","og_url":"https:\/\/cwb.pl\/de\/hauptseite\/uber-firma\/aktionere-vorstand","og_site_name":"CWB S.A. DE","article_modified_time":"2021-11-24T09:21:58+00:00","twitter_card":"summary_large_image","twitter_misc":{"Szacowany czas czytania":"2 minuty"},"schema":{"@context":"https:\/\/schema.org","@graph":[{"@type":"WebPage","@id":"https:\/\/cwb.pl\/de\/hauptseite\/uber-firma\/aktionere-vorstand","url":"https:\/\/cwb.pl\/de\/hauptseite\/uber-firma\/aktionere-vorstand","name":"Aktionere \/ Vorstand - CWB S.A. DE","isPartOf":{"@id":"https:\/\/cwb.pl\/de\/#website"},"datePublished":"2021-11-24T09:16:41+00:00","dateModified":"2021-11-24T09:21:58+00:00","breadcrumb":{"@id":"https:\/\/cwb.pl\/de\/hauptseite\/uber-firma\/aktionere-vorstand#breadcrumb"},"inLanguage":"pl-PL","potentialAction":[{"@type":"ReadAction","target":["https:\/\/cwb.pl\/de\/hauptseite\/uber-firma\/aktionere-vorstand"]}]},{"@type":"BreadcrumbList","@id":"https:\/\/cwb.pl\/de\/hauptseite\/uber-firma\/aktionere-vorstand#breadcrumb","itemListElement":[{"@type":"ListItem","position":1,"name":"Hauptseite","item":"https:\/\/cwb.pl\/de\/"},{"@type":"ListItem","position":2,"name":"\u00dcber Firma","item":"https:\/\/cwb.pl\/de\/hauptseite\/uber-firma"},{"@type":"ListItem","position":3,"name":"Aktionere \/ Vorstand"}]},{"@type":"WebSite","@id":"https:\/\/cwb.pl\/de\/#website","url":"https:\/\/cwb.pl\/de\/","name":"CWB S.A. DE","description":"Certyfikowany importer i dystrybutor surowc\u00f3w chemicznych dla sektora przemys\u0142owego","potentialAction":[{"@type":"SearchAction","target":{"@type":"EntryPoint","urlTemplate":"https:\/\/cwb.pl\/de\/?s={search_term_string}"},"query-input":"required name=search_term_string"}],"inLanguage":"pl-PL"}]}},"uagb_featured_image_src":{"full":false,"thumbnail":false,"medium":false,"medium_large":false,"large":false,"1536x1536":false,"2048x2048":false},"uagb_author_info":{"display_name":"admin","author_link":"https:\/\/cwb.pl\/de\/author\/admin"},"uagb_comment_info":0,"uagb_excerpt":"Aktion\u00e4re Aktienart Aktienzahl Nominalwert der Aktien Grundkapital Anteil am Grundkapital Anteil&nbsp; an allgemeiner Zahl der Stimme in der Hauptversammlung Jacek Baran Inhaberaktien 670.000 0.10 z\u0142 67.000 z\u0142 67% 67% Waldemar Gola Einfache 330.000 0.10 z\u0142 33.000 z\u0142 33% 33% Insgesamt 1.000.000 X 100.000 z\u0142 100% 100% Jacek Baran&nbsp; &#8211; Vorstandsvorsitzender Ein Initiator und Mitgr\u00fcnder der&hellip;","_links":{"self":[{"href":"https:\/\/cwb.pl\/de\/wp-json\/wp\/v2\/pages\/78"}],"collection":[{"href":"https:\/\/cwb.pl\/de\/wp-json\/wp\/v2\/pages"}],"about":[{"href":"https:\/\/cwb.pl\/de\/wp-json\/wp\/v2\/types\/page"}],"author":[{"embeddable":true,"href":"https:\/\/cwb.pl\/de\/wp-json\/wp\/v2\/users\/1"}],"replies":[{"embeddable":true,"href":"https:\/\/cwb.pl\/de\/wp-json\/wp\/v2\/comments?post=78"}],"version-history":[{"count":2,"href":"https:\/\/cwb.pl\/de\/wp-json\/wp\/v2\/pages\/78\/revisions"}],"predecessor-version":[{"id":80,"href":"https:\/\/cwb.pl\/de\/wp-json\/wp\/v2\/pages\/78\/revisions\/80"}],"up":[{"embeddable":true,"href":"https:\/\/cwb.pl\/de\/wp-json\/wp\/v2\/pages\/26"}],"wp:attachment":[{"href":"https:\/\/cwb.pl\/de\/wp-json\/wp\/v2\/media?parent=78"}],"curies":[{"name":"wp","href":"https:\/\/api.w.org\/{rel}","templated":true}]}}