{"id":26,"date":"2021-11-24T09:33:07","date_gmt":"2021-11-24T08:33:07","guid":{"rendered":"http:\/\/cwb.pl\/de\/?page_id=26"},"modified":"2022-06-15T11:11:53","modified_gmt":"2022-06-15T09:11:53","slug":"uber-firma","status":"publish","type":"page","link":"https:\/\/cwb.pl\/de\/hauptseite\/uber-firma","title":{"rendered":"\u00dcber Firma"},"content":{"rendered":"\n<p>Chemical Worldwide Business Aktiengesellschaft ist ein Imperteur und Vertreiber der chemischen Rohstoffe f\u00fcr Industrie, vor allem f\u00fcr Inlandsmarkt. Unser Fachgebiet ist ein vollst\u00e4ndiges Versehen die Industrie mit den entbehrlichen Rohstoffen und Halbfabrikaten, die sorgf\u00e4ltig innerhalb einer auf dem Wertmarkt erreichbaren Sortiemient ausgew\u00e4hlt wurden. Wir liefern termingem\u00e4\u03b2 an den Kunden die gew\u00fcnschten Waren nach Ihren Anforderungen. Wir haben ein Netz der Lager, die uns erm\u00f6glichen, die just in time \u2013 Lieferungen durchzuf\u00fchren. Wir bieten die an den Kundenbed\u00fcrfnisse angepassten L\u00f6sungen im Bereich der Verwaltung der Liefersysteme und auch der m\u00f6glichen Eins\u00e4tze der Rohstoffe, die in unserem Angebot vorhanden sind, an.&nbsp; Durch mehrj\u00e4hrige Funktionierens auf dem Markt bildeten wir die Vertreiberposition in den folgenden Industriesektoren: Gummi-, Abguss- und Textilsektor.<\/p>\n\n\n\n<p><strong>Unsere Mission &#8220;Die richtige Qualit\u00e4t zur richtigen Zeit&#8221;<\/strong><\/p>\n\n\n\n<p><strong>Unser Ziel<\/strong><\/p>\n\n\n\n<p>Einer der drei gr\u00f6\u03b2ten Vertreiber der chemischen Rohstoffe in Polen zu sein.<\/p>\n\n\n\n<p>Die Entwicklung der Firma und Steigerung ihrer Wertes, Diversifikation der T\u00e4tigkeit \u2013 ohne \u00c4nderung des gef\u00fchrten Gesch\u00e4ftsmodells sind ungen\u00e4nderter Priorit\u00e4t f\u00fcr Aktion\u00e4re und Vorstand der Firma.&nbsp;<\/p>\n\n\n\n<p>Die o.g. Ziele bem\u00fchen wir uns, durch allt\u00e4gliche, konsequente Arbeit zu realisieren, unter anderem:<\/p>\n\n\n\n<ol><li>Ein Erzielen einer Aussschlie\u03b2lichkeit auf Verkauf der Rohstoffe. Aktuell hat CWB S.A. die Aussschlie\u03b2lichkeit auf Verkauf, wie folgt:<br>&#8211; EK- und CWB- Talkum im Gebiet Polen;<br>&#8211; RSZT \u2013 Gummiregenerat.<\/li><li>Eine Hervorhebung der Gesellschaft auf dem Markt der chemischen Rohstoffe durch Bildung eigener Handelszeichen. Vom Anfang des Jahres 2004 haben wir auf den Markt eigenes Firmenzeichen f\u00fcr die angebotenen WULKAPOL &#8211; Vulkanisationsbeschleuniger, RUPOL \u2013 Antioxidiermittel, ZINSAR \u2013 Zinkwei\u03b2 und Talkum f\u00fcr Gummiindustriebed\u00fcrfnisse eingef\u00fchrt. \u00a0<\/li><li>Moderne Verwaltungsmethoden und logistische L\u00f6sungen<\/li><li>Pr\u00fcfung der Bed\u00fcrfnisse und Anforderungen der Kunden<\/li><li>Suche nach L\u00f6sungen der technologischen und logistischen\u00a0 L\u00f6sungen unserer Gesch\u00e4ftspartner<\/li><li>Wir erweitern unser Handelsangebot entgegenkommend der Kundenerwartungen. Wir streben nach einer Situation, wo der Kunde mit den allen zur Herstellung der Endproduktes unentbehrlichen Rohstoffen versehen wird. Wir liefern die gepr\u00fcften und getesten Waren.\u00a0<\/li><li>Genau \u00fcberlegte Erweiterung der Lagerbasis im Gebiet Polen zur Sicherung der effektiven und termingerechten Warenlieferungen.<\/li><li>Das Vorgehen gem\u00e4\u03b2 unserer Mission \u2013 die richtige Qualit\u00e4t zur richtigen Zeit \u2013 jedes Tages sichern wir den hunderten Firmen das richtige Funktionieren. Wir sind logistische Firma : wir k\u00fcmmern uns um Einkauf, Transport, Lagerung, Verkauf und Anliferung an den Kunden. Zur Best\u00e4tigung unserer Sorge um Qualit\u00e4t der Kundendienst haben wir im Jahre 2004 das System der Qualit\u00e4tsverwaltung, welche wir ganze Zeit aufrechterhalten, eingef\u00fchrt und zertifiziert.<\/li><li>Im Juli 2017 wurde erfolgreich das Wiederzertifizierungsverfahren des Qualit\u00e4tssystems mit \u00dcbergang auf neue Norm ISO 9001:2015 durchgef\u00fchrt.<\/li><\/ol>\n\n\n\n<p>Alle genannten T\u00e4tigkeiten sind in Qualit\u00e4tspolitik der Firma eingetragen. Die Befolgung von 7 Grunds\u00e4tzen n\u00e4hert uns jeden Tag unserer Zielvorgebe.&nbsp;<\/p>\n","protected":false},"excerpt":{"rendered":"<p>Chemical Worldwide Business Aktiengesellschaft ist ein Imperteur und Vertreiber der chemischen Rohstoffe f\u00fcr Industrie, vor allem f\u00fcr Inlandsmarkt. Unser Fachgebiet ist ein vollst\u00e4ndiges Versehen die Industrie mit den entbehrlichen Rohstoffen und Halbfabrikaten, die sorgf\u00e4ltig innerhalb einer auf dem Wertmarkt erreichbaren Sortiemient ausgew\u00e4hlt wurden. Wir liefern termingem\u00e4\u03b2 an den Kunden die gew\u00fcnschten Waren nach Ihren Anforderungen. [&hellip;]<\/p>\n","protected":false},"author":1,"featured_media":0,"parent":12,"menu_order":0,"comment_status":"closed","ping_status":"closed","template":"page-o-firmie.php","meta":{"_uag_custom_page_level_css":"","ngg_post_thumbnail":0,"footnotes":""},"yoast_head":"<!-- This site is optimized with the Yoast SEO plugin v21.3 - https:\/\/yoast.com\/wordpress\/plugins\/seo\/ -->\n<title>\u00dcber Firma - CWB S.A. DE<\/title>\n<meta name=\"robots\" content=\"index, follow, max-snippet:-1, max-image-preview:large, max-video-preview:-1\" \/>\n<link rel=\"canonical\" href=\"https:\/\/cwb.pl\/de\/hauptseite\/uber-firma\" \/>\n<meta property=\"og:locale\" content=\"pl_PL\" \/>\n<meta property=\"og:type\" content=\"article\" \/>\n<meta property=\"og:title\" content=\"\u00dcber Firma - CWB S.A. DE\" \/>\n<meta property=\"og:description\" content=\"Chemical Worldwide Business Aktiengesellschaft ist ein Imperteur und Vertreiber der chemischen Rohstoffe f\u00fcr Industrie, vor allem f\u00fcr Inlandsmarkt. Unser Fachgebiet ist ein vollst\u00e4ndiges Versehen die Industrie mit den entbehrlichen Rohstoffen und Halbfabrikaten, die sorgf\u00e4ltig innerhalb einer auf dem Wertmarkt erreichbaren Sortiemient ausgew\u00e4hlt wurden. Wir liefern termingem\u00e4\u03b2 an den Kunden die gew\u00fcnschten Waren nach Ihren Anforderungen. [&hellip;]\" \/>\n<meta property=\"og:url\" content=\"https:\/\/cwb.pl\/de\/hauptseite\/uber-firma\" \/>\n<meta property=\"og:site_name\" content=\"CWB S.A. DE\" \/>\n<meta property=\"article:modified_time\" content=\"2022-06-15T09:11:53+00:00\" \/>\n<meta name=\"twitter:card\" content=\"summary_large_image\" \/>\n<meta name=\"twitter:label1\" content=\"Szacowany czas czytania\" \/>\n\t<meta name=\"twitter:data1\" content=\"2 minuty\" \/>\n<script type=\"application\/ld+json\" class=\"yoast-schema-graph\">{\"@context\":\"https:\/\/schema.org\",\"@graph\":[{\"@type\":\"WebPage\",\"@id\":\"https:\/\/cwb.pl\/de\/hauptseite\/uber-firma\",\"url\":\"https:\/\/cwb.pl\/de\/hauptseite\/uber-firma\",\"name\":\"\u00dcber Firma - CWB S.A. DE\",\"isPartOf\":{\"@id\":\"https:\/\/cwb.pl\/de\/#website\"},\"datePublished\":\"2021-11-24T08:33:07+00:00\",\"dateModified\":\"2022-06-15T09:11:53+00:00\",\"breadcrumb\":{\"@id\":\"https:\/\/cwb.pl\/de\/hauptseite\/uber-firma#breadcrumb\"},\"inLanguage\":\"pl-PL\",\"potentialAction\":[{\"@type\":\"ReadAction\",\"target\":[\"https:\/\/cwb.pl\/de\/hauptseite\/uber-firma\"]}]},{\"@type\":\"BreadcrumbList\",\"@id\":\"https:\/\/cwb.pl\/de\/hauptseite\/uber-firma#breadcrumb\",\"itemListElement\":[{\"@type\":\"ListItem\",\"position\":1,\"name\":\"Hauptseite\",\"item\":\"https:\/\/cwb.pl\/de\/\"},{\"@type\":\"ListItem\",\"position\":2,\"name\":\"\u00dcber Firma\"}]},{\"@type\":\"WebSite\",\"@id\":\"https:\/\/cwb.pl\/de\/#website\",\"url\":\"https:\/\/cwb.pl\/de\/\",\"name\":\"CWB S.A. DE\",\"description\":\"Certyfikowany importer i dystrybutor surowc\u00f3w chemicznych dla sektora przemys\u0142owego\",\"potentialAction\":[{\"@type\":\"SearchAction\",\"target\":{\"@type\":\"EntryPoint\",\"urlTemplate\":\"https:\/\/cwb.pl\/de\/?s={search_term_string}\"},\"query-input\":\"required name=search_term_string\"}],\"inLanguage\":\"pl-PL\"}]}<\/script>\n<!-- \/ Yoast SEO plugin. -->","yoast_head_json":{"title":"\u00dcber Firma - CWB S.A. DE","robots":{"index":"index","follow":"follow","max-snippet":"max-snippet:-1","max-image-preview":"max-image-preview:large","max-video-preview":"max-video-preview:-1"},"canonical":"https:\/\/cwb.pl\/de\/hauptseite\/uber-firma","og_locale":"pl_PL","og_type":"article","og_title":"\u00dcber Firma - CWB S.A. DE","og_description":"Chemical Worldwide Business Aktiengesellschaft ist ein Imperteur und Vertreiber der chemischen Rohstoffe f\u00fcr Industrie, vor allem f\u00fcr Inlandsmarkt. Unser Fachgebiet ist ein vollst\u00e4ndiges Versehen die Industrie mit den entbehrlichen Rohstoffen und Halbfabrikaten, die sorgf\u00e4ltig innerhalb einer auf dem Wertmarkt erreichbaren Sortiemient ausgew\u00e4hlt wurden. Wir liefern termingem\u00e4\u03b2 an den Kunden die gew\u00fcnschten Waren nach Ihren Anforderungen. [&hellip;]","og_url":"https:\/\/cwb.pl\/de\/hauptseite\/uber-firma","og_site_name":"CWB S.A. DE","article_modified_time":"2022-06-15T09:11:53+00:00","twitter_card":"summary_large_image","twitter_misc":{"Szacowany czas czytania":"2 minuty"},"schema":{"@context":"https:\/\/schema.org","@graph":[{"@type":"WebPage","@id":"https:\/\/cwb.pl\/de\/hauptseite\/uber-firma","url":"https:\/\/cwb.pl\/de\/hauptseite\/uber-firma","name":"\u00dcber Firma - CWB S.A. DE","isPartOf":{"@id":"https:\/\/cwb.pl\/de\/#website"},"datePublished":"2021-11-24T08:33:07+00:00","dateModified":"2022-06-15T09:11:53+00:00","breadcrumb":{"@id":"https:\/\/cwb.pl\/de\/hauptseite\/uber-firma#breadcrumb"},"inLanguage":"pl-PL","potentialAction":[{"@type":"ReadAction","target":["https:\/\/cwb.pl\/de\/hauptseite\/uber-firma"]}]},{"@type":"BreadcrumbList","@id":"https:\/\/cwb.pl\/de\/hauptseite\/uber-firma#breadcrumb","itemListElement":[{"@type":"ListItem","position":1,"name":"Hauptseite","item":"https:\/\/cwb.pl\/de\/"},{"@type":"ListItem","position":2,"name":"\u00dcber Firma"}]},{"@type":"WebSite","@id":"https:\/\/cwb.pl\/de\/#website","url":"https:\/\/cwb.pl\/de\/","name":"CWB S.A. DE","description":"Certyfikowany importer i dystrybutor surowc\u00f3w chemicznych dla sektora przemys\u0142owego","potentialAction":[{"@type":"SearchAction","target":{"@type":"EntryPoint","urlTemplate":"https:\/\/cwb.pl\/de\/?s={search_term_string}"},"query-input":"required name=search_term_string"}],"inLanguage":"pl-PL"}]}},"uagb_featured_image_src":{"full":false,"thumbnail":false,"medium":false,"medium_large":false,"large":false,"1536x1536":false,"2048x2048":false},"uagb_author_info":{"display_name":"admin","author_link":"https:\/\/cwb.pl\/de\/author\/admin"},"uagb_comment_info":0,"uagb_excerpt":"Chemical Worldwide Business Aktiengesellschaft ist ein Imperteur und Vertreiber der chemischen Rohstoffe f\u00fcr Industrie, vor allem f\u00fcr Inlandsmarkt. Unser Fachgebiet ist ein vollst\u00e4ndiges Versehen die Industrie mit den entbehrlichen Rohstoffen und Halbfabrikaten, die sorgf\u00e4ltig innerhalb einer auf dem Wertmarkt erreichbaren Sortiemient ausgew\u00e4hlt wurden. Wir liefern termingem\u00e4\u03b2 an den Kunden die gew\u00fcnschten Waren nach Ihren Anforderungen.&hellip;","_links":{"self":[{"href":"https:\/\/cwb.pl\/de\/wp-json\/wp\/v2\/pages\/26"}],"collection":[{"href":"https:\/\/cwb.pl\/de\/wp-json\/wp\/v2\/pages"}],"about":[{"href":"https:\/\/cwb.pl\/de\/wp-json\/wp\/v2\/types\/page"}],"author":[{"embeddable":true,"href":"https:\/\/cwb.pl\/de\/wp-json\/wp\/v2\/users\/1"}],"replies":[{"embeddable":true,"href":"https:\/\/cwb.pl\/de\/wp-json\/wp\/v2\/comments?post=26"}],"version-history":[{"count":3,"href":"https:\/\/cwb.pl\/de\/wp-json\/wp\/v2\/pages\/26\/revisions"}],"predecessor-version":[{"id":307,"href":"https:\/\/cwb.pl\/de\/wp-json\/wp\/v2\/pages\/26\/revisions\/307"}],"up":[{"embeddable":true,"href":"https:\/\/cwb.pl\/de\/wp-json\/wp\/v2\/pages\/12"}],"wp:attachment":[{"href":"https:\/\/cwb.pl\/de\/wp-json\/wp\/v2\/media?parent=26"}],"curies":[{"name":"wp","href":"https:\/\/api.w.org\/{rel}","templated":true}]}}