{"id":12,"date":"2021-11-24T09:29:23","date_gmt":"2021-11-24T08:29:23","guid":{"rendered":"http:\/\/cwb.pl\/de\/?page_id=12"},"modified":"2023-02-13T15:19:22","modified_gmt":"2023-02-13T14:19:22","slug":"hauptseite","status":"publish","type":"page","link":"https:\/\/cwb.pl\/de\/","title":{"rendered":"Hauptseite"},"content":{"rendered":"\n<div class=\"wp-block-columns is-layout-flex wp-container-7 wp-block-columns-is-layout-flex\">\n<div class=\"wp-block-column is-layout-flow wp-block-column-is-layout-flow\">\n<div class=\"wp-block-columns .kreska is-layout-flex wp-container-5 wp-block-columns-is-layout-flex\">\n<div class=\"wp-block-column is-layout-flow wp-block-column-is-layout-flow\" style=\"flex-basis:60%\">\n<h3 class=\"wp-block-heading\"><a href=\"http:\/\/cwb.pl\/de\/hauptseite\/uber-firma\">HERZLICH WILLKOMMEN <span>\u00dcBER FIRMA<\/span><\/a><\/h3>\n\n\n\n<div class=\"wp-block-media-text alignwide is-stacked-on-mobile is-vertically-aligned-top is-image-fill\" style=\"grid-template-columns:25% auto\"><figure class=\"wp-block-media-text__media\" style=\"background-image:url(http:\/\/cwb.pl\/wp-content\/uploads\/2021\/10\/img.jpg);background-position:50% 50%\"><img decoding=\"async\" src=\"http:\/\/cwb.pl\/wp-content\/uploads\/2021\/10\/img.jpg\" alt=\"\" class=\"wp-image-236 size-full\"\/><\/figure><div class=\"wp-block-media-text__content\">\n<p class=\"lewag\"><a href=\"http:\/\/cwb.pl\/de\/hauptseite\/uber-firma\">Chemical Worldwide Business Aktiengesellschaft ist ein Imperteur und Vertreiber der chemischen Rohstoffe f\u00fcr Industrie, vor allem f\u00fcr Inlandsmarkt. Unser Fachgebiet ist ein vollst\u00e4ndiges Versehen die Industrie mit den entbehrlichen Rohstoffen und Halbfabrikaten, die sorgf\u00e4ltig innerhalb einer auf dem Wertmarkt erreichbaren Sortiemient ausgew\u00e4hlt\u2026<\/a><\/p>\n<\/div><\/div>\n<\/div>\n\n\n\n<div class=\"wp-block-column is-layout-flow wp-block-column-is-layout-flow\" style=\"flex-basis:40%\">\n<h3 class=\"wp-block-heading\">Zertifikate<\/h3>\n\n\n\n<figure class=\"wp-block-gallery has-nested-images columns-default is-cropped wp-block-gallery-2 is-layout-flex wp-block-gallery-is-layout-flex\">\n<figure class=\"wp-block-image size-large\"><img decoding=\"async\" loading=\"lazy\" width=\"1024\" height=\"774\" src=\"https:\/\/cwb.pl\/de\/wp-content\/uploads\/sites\/3\/2023\/02\/gazele_2022_47404420-1024x774.jpg\" alt=\"\" class=\"wp-image-340\" srcset=\"https:\/\/cwb.pl\/de\/wp-content\/uploads\/sites\/3\/2023\/02\/gazele_2022_47404420-1024x774.jpg 1024w, https:\/\/cwb.pl\/de\/wp-content\/uploads\/sites\/3\/2023\/02\/gazele_2022_47404420-300x227.jpg 300w, https:\/\/cwb.pl\/de\/wp-content\/uploads\/sites\/3\/2023\/02\/gazele_2022_47404420-768x581.jpg 768w, https:\/\/cwb.pl\/de\/wp-content\/uploads\/sites\/3\/2023\/02\/gazele_2022_47404420-1536x1161.jpg 1536w, https:\/\/cwb.pl\/de\/wp-content\/uploads\/sites\/3\/2023\/02\/gazele_2022_47404420-2048x1549.jpg 2048w\" sizes=\"(max-width: 1024px) 100vw, 1024px\" \/><\/figure>\n\n\n\n<figure class=\"wp-block-image size-large\"><img decoding=\"async\" src=\"http:\/\/cwb.pl\/wp-content\/uploads\/2021\/10\/fotob-44.jpg\" alt=\"\" class=\"wp-image-43\"\/><\/figure>\n\n\n\n<figure class=\"wp-block-image size-large\"><img decoding=\"async\" src=\"http:\/\/cwb.pl\/wp-content\/uploads\/2021\/11\/fotob-55.png\" alt=\"\" class=\"wp-image-697\"\/><\/figure>\n<\/figure>\n<\/div>\n<\/div>\n\n\n\n<hr class=\"wp-block-separator has-text-color has-css-opacity has-background is-style-wide\" style=\"background-color:#d0d6d4;color:#d0d6d4\"\/>\n\n\n\n<p><\/p>\n<\/div>\n<\/div>\n\n\n\n<p class=\"has-text-color has-medium-font-size\" style=\"color:#873293\"><a href=\"https:\/\/cwb.pl\/de\/category\/aktuelles\">AKTUELLES<\/a><\/p>\n\n\n\n\t\t\t<div class=\"wp-block-uagb-post-grid uagb-post-grid  uagb-post__image-position-top uagb-post__image-enabled uagb-block-2d941992     uagb-post__items uagb-post__columns-2 is-grid uagb-post__columns-tablet-2 uagb-post__columns-mobile-1 uagb-post__equal-height\" data-total=\"2\" style=\"\">\n\n\t\t\t\t\t\t\t\t\t\t\t\t<article class=\"uagb-post__inner-wrap\">\t\t\t\t\t\t\t\t<h4 class=\"uagb-post__title uagb-post__text\">\n\t\t\t\t<a href=\"https:\/\/cwb.pl\/de\/euroguss-2024.html\" target=\"_self\" rel=\"bookmark noopener noreferrer\">Euroguss 2024<\/a>\n\t\t\t<\/h4>\n\t\t\t\t\t\t<div class='uagb-post__text uagb-post-grid-byline'>\n\t\t\t\t\t\t\t<\/div>\n\t\t\t\t\t\t\t<div class='uagb-post__text uagb-post__excerpt'>\n\t\t\t\t\t<p>International Trade Fair Euroguss 2024 has already gone down in history! The time was very inspiring, intensive and filled with many interesting industry meetings. Euroguss is a place where new business relationships, ideas, and \u2013 which we hope for \u2013 real ventures are born. The event has given us the possibility to meet our long-term business Partners, and allowed us&#8230;\t\t\t\t<\/div>\n\t\t\t\t\t\t<div class=\"uagb-post__text uagb-post__cta wp-block-button\">\n\t\t\t\t<a class=\"wp-block-button__link uagb-text-link\" href=\"https:\/\/cwb.pl\/de\/euroguss-2024.html\" target=\"_self\" rel=\"bookmark noopener noreferrer\">mehr<\/a>\n\t\t\t<\/div>\n\t\t\t\t\t\t\t\t\t\t\t\t<\/article>\n\t\t\t\t\t\t\t\t\t\t\t\t\t\t\t\t<article class=\"uagb-post__inner-wrap\">\t\t\t\t\t\t\t\t<h4 class=\"uagb-post__title uagb-post__text\">\n\t\t\t\t<a href=\"https:\/\/cwb.pl\/de\/cwb-erhielt-den-titel-forbes-diamonds-2023.html\" target=\"_self\" rel=\"bookmark noopener noreferrer\">CWB erhielt den Titel Forbes Diamonds 2023!<\/a>\n\t\t\t<\/h4>\n\t\t\t\t\t\t<div class='uagb-post__text uagb-post-grid-byline'>\n\t\t\t\t\t\t\t<\/div>\n\t\t\t\t\t\t\t<div class='uagb-post__text uagb-post__excerpt'>\n\t\t\t\t\t<p>Mit gro\u03b2er Zufriedenheit m\u00f6chten wir Ihnen mitteilen, dass die CWB S.A. \u2013 Aktiengesellschaft einen Prestigename \u2013 Forbers-Diamant 2023 im Segment der Firmen bis 250 Millionen PLN erhalten hat. Das ist eine gro\u03b2e Belobigung f\u00fcr unsere Aktiengesellschaft und eine Motivation zur weiteren Entwicklung und Erreichung noch besseren Ergebnissen ! Die Preistr\u00e4ger sind anhand der schweizerischen Methode einer Sch\u00e4tzung des Firmenwertes, unter&#8230;\t\t\t\t<\/div>\n\t\t\t\t\t\t<div class=\"uagb-post__text uagb-post__cta wp-block-button\">\n\t\t\t\t<a class=\"wp-block-button__link uagb-text-link\" href=\"https:\/\/cwb.pl\/de\/cwb-erhielt-den-titel-forbes-diamonds-2023.html\" target=\"_self\" rel=\"bookmark noopener noreferrer\">mehr<\/a>\n\t\t\t<\/div>\n\t\t\t\t\t\t\t\t\t\t\t\t<\/article>\n\t\t\t\t\t\t\t\t\t\t\t<\/div>\n\t\t\t\n\n\n<div style=\"height:26px\" aria-hidden=\"true\" class=\"wp-block-spacer\"><\/div>\n\n\n\n<p class=\"has-text-align-right\"><a href=\"http:\/\/cwb.pl\/de\/category\/aktuelles\">Alles sehen<\/a><\/p>\n\n\n\n<p><\/p>\n","protected":false},"excerpt":{"rendered":"<p>HERZLICH WILLKOMMEN \u00dcBER FIRMA Chemical Worldwide Business Aktiengesellschaft ist ein Imperteur und Vertreiber der chemischen Rohstoffe f\u00fcr Industrie, vor allem f\u00fcr Inlandsmarkt. Unser Fachgebiet ist ein vollst\u00e4ndiges Versehen die Industrie mit den entbehrlichen Rohstoffen und Halbfabrikaten, die sorgf\u00e4ltig innerhalb einer auf dem Wertmarkt erreichbaren Sortiemient ausgew\u00e4hlt\u2026 Zertifikate AKTUELLES Alles sehen<\/p>\n","protected":false},"author":1,"featured_media":0,"parent":0,"menu_order":0,"comment_status":"closed","ping_status":"closed","template":"strona-glowna.php","meta":{"_uag_custom_page_level_css":"","ngg_post_thumbnail":0,"footnotes":""},"yoast_head":"<!-- This site is optimized with the Yoast SEO plugin v21.3 - https:\/\/yoast.com\/wordpress\/plugins\/seo\/ -->\n<title>Chemical WorldwideBusiness S.A.<\/title>\n<meta name=\"robots\" content=\"index, follow, max-snippet:-1, max-image-preview:large, max-video-preview:-1\" \/>\n<link rel=\"canonical\" href=\"https:\/\/cwb.pl\/de\/\" \/>\n<meta property=\"og:locale\" content=\"pl_PL\" \/>\n<meta property=\"og:type\" content=\"article\" \/>\n<meta property=\"og:title\" content=\"Chemical WorldwideBusiness S.A.\" \/>\n<meta property=\"og:description\" content=\"HERZLICH WILLKOMMEN \u00dcBER FIRMA Chemical Worldwide Business Aktiengesellschaft ist ein Imperteur und Vertreiber der chemischen Rohstoffe f\u00fcr Industrie, vor allem f\u00fcr Inlandsmarkt. Unser Fachgebiet ist ein vollst\u00e4ndiges Versehen die Industrie mit den entbehrlichen Rohstoffen und Halbfabrikaten, die sorgf\u00e4ltig innerhalb einer auf dem Wertmarkt erreichbaren Sortiemient ausgew\u00e4hlt\u2026 Zertifikate AKTUELLES Alles sehen\" \/>\n<meta property=\"og:url\" content=\"https:\/\/cwb.pl\/de\/\" \/>\n<meta property=\"og:site_name\" content=\"CWB S.A. DE\" \/>\n<meta property=\"article:modified_time\" content=\"2023-02-13T14:19:22+00:00\" \/>\n<meta property=\"og:image\" content=\"http:\/\/cwb.pl\/wp-content\/uploads\/2021\/10\/img.jpg\" \/>\n<meta name=\"twitter:card\" content=\"summary_large_image\" \/>\n<meta name=\"twitter:label1\" content=\"Szacowany czas czytania\" \/>\n\t<meta name=\"twitter:data1\" content=\"2 minuty\" \/>\n<script type=\"application\/ld+json\" class=\"yoast-schema-graph\">{\"@context\":\"https:\/\/schema.org\",\"@graph\":[{\"@type\":\"WebPage\",\"@id\":\"https:\/\/cwb.pl\/de\/\",\"url\":\"https:\/\/cwb.pl\/de\/\",\"name\":\"Chemical WorldwideBusiness S.A.\",\"isPartOf\":{\"@id\":\"https:\/\/cwb.pl\/de\/#website\"},\"datePublished\":\"2021-11-24T08:29:23+00:00\",\"dateModified\":\"2023-02-13T14:19:22+00:00\",\"inLanguage\":\"pl-PL\",\"potentialAction\":[{\"@type\":\"ReadAction\",\"target\":[\"https:\/\/cwb.pl\/de\/\"]}]},{\"@type\":\"WebSite\",\"@id\":\"https:\/\/cwb.pl\/de\/#website\",\"url\":\"https:\/\/cwb.pl\/de\/\",\"name\":\"CWB S.A. DE\",\"description\":\"Certyfikowany importer i dystrybutor surowc\u00f3w chemicznych dla sektora przemys\u0142owego\",\"potentialAction\":[{\"@type\":\"SearchAction\",\"target\":{\"@type\":\"EntryPoint\",\"urlTemplate\":\"https:\/\/cwb.pl\/de\/?s={search_term_string}\"},\"query-input\":\"required name=search_term_string\"}],\"inLanguage\":\"pl-PL\"}]}<\/script>\n<!-- \/ Yoast SEO plugin. -->","yoast_head_json":{"title":"Chemical WorldwideBusiness S.A.","robots":{"index":"index","follow":"follow","max-snippet":"max-snippet:-1","max-image-preview":"max-image-preview:large","max-video-preview":"max-video-preview:-1"},"canonical":"https:\/\/cwb.pl\/de\/","og_locale":"pl_PL","og_type":"article","og_title":"Chemical WorldwideBusiness S.A.","og_description":"HERZLICH WILLKOMMEN \u00dcBER FIRMA Chemical Worldwide Business Aktiengesellschaft ist ein Imperteur und Vertreiber der chemischen Rohstoffe f\u00fcr Industrie, vor allem f\u00fcr Inlandsmarkt. Unser Fachgebiet ist ein vollst\u00e4ndiges Versehen die Industrie mit den entbehrlichen Rohstoffen und Halbfabrikaten, die sorgf\u00e4ltig innerhalb einer auf dem Wertmarkt erreichbaren Sortiemient ausgew\u00e4hlt\u2026 Zertifikate AKTUELLES Alles sehen","og_url":"https:\/\/cwb.pl\/de\/","og_site_name":"CWB S.A. DE","article_modified_time":"2023-02-13T14:19:22+00:00","og_image":[{"url":"http:\/\/cwb.pl\/wp-content\/uploads\/2021\/10\/img.jpg"}],"twitter_card":"summary_large_image","twitter_misc":{"Szacowany czas czytania":"2 minuty"},"schema":{"@context":"https:\/\/schema.org","@graph":[{"@type":"WebPage","@id":"https:\/\/cwb.pl\/de\/","url":"https:\/\/cwb.pl\/de\/","name":"Chemical WorldwideBusiness S.A.","isPartOf":{"@id":"https:\/\/cwb.pl\/de\/#website"},"datePublished":"2021-11-24T08:29:23+00:00","dateModified":"2023-02-13T14:19:22+00:00","inLanguage":"pl-PL","potentialAction":[{"@type":"ReadAction","target":["https:\/\/cwb.pl\/de\/"]}]},{"@type":"WebSite","@id":"https:\/\/cwb.pl\/de\/#website","url":"https:\/\/cwb.pl\/de\/","name":"CWB S.A. DE","description":"Certyfikowany importer i dystrybutor surowc\u00f3w chemicznych dla sektora przemys\u0142owego","potentialAction":[{"@type":"SearchAction","target":{"@type":"EntryPoint","urlTemplate":"https:\/\/cwb.pl\/de\/?s={search_term_string}"},"query-input":"required name=search_term_string"}],"inLanguage":"pl-PL"}]}},"uagb_featured_image_src":{"full":false,"thumbnail":false,"medium":false,"medium_large":false,"large":false,"1536x1536":false,"2048x2048":false},"uagb_author_info":{"display_name":"admin","author_link":"https:\/\/cwb.pl\/de\/author\/admin"},"uagb_comment_info":0,"uagb_excerpt":"HERZLICH WILLKOMMEN \u00dcBER FIRMA Chemical Worldwide Business Aktiengesellschaft ist ein Imperteur und Vertreiber der chemischen Rohstoffe f\u00fcr Industrie, vor allem f\u00fcr Inlandsmarkt. Unser Fachgebiet ist ein vollst\u00e4ndiges Versehen die Industrie mit den entbehrlichen Rohstoffen und Halbfabrikaten, die sorgf\u00e4ltig innerhalb einer auf dem Wertmarkt erreichbaren Sortiemient ausgew\u00e4hlt\u2026 Zertifikate AKTUELLES Alles sehen","_links":{"self":[{"href":"https:\/\/cwb.pl\/de\/wp-json\/wp\/v2\/pages\/12"}],"collection":[{"href":"https:\/\/cwb.pl\/de\/wp-json\/wp\/v2\/pages"}],"about":[{"href":"https:\/\/cwb.pl\/de\/wp-json\/wp\/v2\/types\/page"}],"author":[{"embeddable":true,"href":"https:\/\/cwb.pl\/de\/wp-json\/wp\/v2\/users\/1"}],"replies":[{"embeddable":true,"href":"https:\/\/cwb.pl\/de\/wp-json\/wp\/v2\/comments?post=12"}],"version-history":[{"count":21,"href":"https:\/\/cwb.pl\/de\/wp-json\/wp\/v2\/pages\/12\/revisions"}],"predecessor-version":[{"id":341,"href":"https:\/\/cwb.pl\/de\/wp-json\/wp\/v2\/pages\/12\/revisions\/341"}],"wp:attachment":[{"href":"https:\/\/cwb.pl\/de\/wp-json\/wp\/v2\/media?parent=12"}],"curies":[{"name":"wp","href":"https:\/\/api.w.org\/{rel}","templated":true}]}}